{"id":35519,"date":"2026-03-10T14:44:08","date_gmt":"2026-03-10T13:44:08","guid":{"rendered":"https:\/\/katheleys.com\/product\/ysl-boucles-doreilles-note-de-musique-annees-1980\/"},"modified":"2026-03-10T14:44:08","modified_gmt":"2026-03-10T13:44:08","slug":"ysl-boucles-doreilles-note-de-musique-annees-1980","status":"publish","type":"product","link":"https:\/\/katheleys.com\/fr\/produit\/ysl-boucles-doreilles-note-de-musique-annees-1980\/","title":{"rendered":"YSL, boucles d\u2019oreilles \u201cNote de musique\u201d, ann\u00e9es 1980"},"content":{"rendered":"","protected":false},"excerpt":{"rendered":"<p><strong>YSL Musical note earrings 80s<\/strong><\/p>\n<p><strong>Yves Saint Laurent Musical Note Earrings, 1980s<\/strong><\/p>\n<p><strong>A rare and unusual find, preserved in near-new condition. This pair was produced in the United States by a Rhode Island company, composed of gold-plated metal and black lacquered metal.<\/strong><\/p>\n<p><strong>Signed: YSL.<\/strong><\/p>\n<p><strong>&#8212;&#8212;&#8212;&#8212;&#8212;&#8212;&#8212;<\/strong><\/p>\n<p><strong>Yves Saint Laurent, boucles d\u2019oreilles \u201cNote de musique\u201d, ann\u00e9es 1980<\/strong><\/p>\n<p><strong>Un mod\u00e8le rare et inhabituel, conserv\u00e9 dans un \u00e9tat quasi neuf. R\u00e9alis\u00e9es aux \u00c9tats-Unis par une soci\u00e9t\u00e9 de Rhode Island, cette paire est compos\u00e9e de m\u00e9tal dor\u00e9 et de m\u00e9tal laqu\u00e9 noir.<\/strong><\/p>\n<p><strong>Excellent \u00e9tat (avec \u00e9tiquette d\u2019origine).<\/strong><\/p>\n<p><strong>Signature : YSL.<\/strong><\/p>\n<p><strong>Dimensions : 6 \u00d7 2 cm (2,3 \u00d7 0,7 in.).<\/strong><\/p>\n<p><strong>6 \u00d7 2 cm (2.3 \u00d7 0.7 in.).<\/strong><\/p>\n","protected":false},"featured_media":35523,"template":"","meta":{"_seopress_robots_primary_cat":"","_seopress_titles_title":"","_seopress_titles_desc":"","_seopress_robots_index":"","content-type":""},"pwb-brand":[],"product_brand":[],"product_cat":[862,864,3265,960,1143,948],"product_tag":[],"class_list":{"0":"post-35519","1":"product","2":"type-product","3":"status-publish","4":"has-post-thumbnail","6":"product_cat-1-bijoux-vintage","7":"product_cat-boucles-d-oreilles-vintage","8":"product_cat-chic-dore-vintage","9":"product_cat-shop-by-look-vintage","10":"product_cat-selection-bijoux-sacs-luxe-vintage","11":"product_cat-ysl-bijoux-vintage-sacs","13":"first","14":"instock","15":"shipping-taxable","16":"purchasable","17":"product-type-simple","18":"layout-style-1","19":"col-md-4 col-sm-4 col-xs-6","20":"col-lg-3","21":"product-has-gallery","22":"product-style-default"},"jetpack_sharing_enabled":true,"brands":[],"_links":{"self":[{"href":"https:\/\/katheleys.com\/fr\/wp-json\/wp\/v2\/product\/35519","targetHints":{"allow":["GET"]}}],"collection":[{"href":"https:\/\/katheleys.com\/fr\/wp-json\/wp\/v2\/product"}],"about":[{"href":"https:\/\/katheleys.com\/fr\/wp-json\/wp\/v2\/types\/product"}],"wp:featuredmedia":[{"embeddable":true,"href":"https:\/\/katheleys.com\/fr\/wp-json\/wp\/v2\/media\/35523"}],"wp:attachment":[{"href":"https:\/\/katheleys.com\/fr\/wp-json\/wp\/v2\/media?parent=35519"}],"wp:term":[{"taxonomy":"pwb-brand","embeddable":true,"href":"https:\/\/katheleys.com\/fr\/wp-json\/wp\/v2\/pwb-brand?post=35519"},{"taxonomy":"product_brand","embeddable":true,"href":"https:\/\/katheleys.com\/fr\/wp-json\/wp\/v2\/product_brand?post=35519"},{"taxonomy":"product_cat","embeddable":true,"href":"https:\/\/katheleys.com\/fr\/wp-json\/wp\/v2\/product_cat?post=35519"},{"taxonomy":"product_tag","embeddable":true,"href":"https:\/\/katheleys.com\/fr\/wp-json\/wp\/v2\/product_tag?post=35519"}],"curies":[{"name":"wp","href":"https:\/\/api.w.org\/{rel}","templated":true}]}}