{"id":34511,"date":"2025-11-24T16:41:04","date_gmt":"2025-11-24T15:41:04","guid":{"rendered":"https:\/\/katheleys.com\/product\/chanel-boucles-doreilles-clips-elegantes-en-cristal-rose-clair-collection-2008\/"},"modified":"2025-11-24T16:41:04","modified_gmt":"2025-11-24T15:41:04","slug":"chanel-boucles-doreilles-clips-elegantes-en-cristal-rose-clair-collection-2008","status":"publish","type":"product","link":"https:\/\/katheleys.com\/fr\/produit\/chanel-boucles-doreilles-clips-elegantes-en-cristal-rose-clair-collection-2008\/","title":{"rendered":"Chanel boucles d&rsquo;oreilles clips  \u00e9l\u00e9gantes en cristal rose clair, collection 2008"},"content":{"rendered":"","protected":false},"excerpt":{"rendered":"<pre class=\"tw-data-text tw-text-large tw-ta\" dir=\"ltr\" tabindex=\"-1\" role=\"text\" data-placeholder=\"Traduction\" data-ved=\"2ahUKEwjWo-C7hIuRAxXIgf0HHakRLYIQ3ewLegQIChAW\" aria-label=\"Texte traduit\u00a0: Boucles d'oreilles clips Chanel vintage, \u00e9l\u00e9gantes et discr\u00e8tes, 2008, en cristal facett\u00e9 clair et m\u00e9tal argent\u00e9.\r\n\r\nSign\u00e9es\u00a0: Chanel 08.\r\n\r\nDimensions\u00a0: 2,5 x 1,3 cm.\r\n\r\nExcellent \u00e9tat vintage.\"><span class=\"Y2IQFc\" lang=\"fr\">Chanel, boucles d'oreilles clips vintage, \u00e9l\u00e9gantes et \r\ndiscr\u00e8tes, en cristal facett\u00e9 clair et \r\nm\u00e9tal argent\u00e9.\r\n<\/span><\/pre>\n<pre id=\"tw-target-text\" class=\"tw-data-text tw-text-large tw-ta\" dir=\"ltr\" tabindex=\"-1\" role=\"text\" data-placeholder=\"Traduction\" data-ved=\"2ahUKEwjWo-C7hIuRAxXIgf0HHakRLYIQ3ewLegQIChAW\" aria-label=\"Texte traduit\u00a0: Boucles d'oreilles clips Chanel vintage, \u00e9l\u00e9gantes et discr\u00e8tes, 2008, en cristal facett\u00e9 clair et m\u00e9tal argent\u00e9.\r\n\r\nSign\u00e9es\u00a0: Chanel 08.\r\n\r\nDimensions\u00a0: 2,5 x 1,3 cm.\r\n\r\nExcellent \u00e9tat vintage.\"><span class=\"Y2IQFc\" lang=\"fr\">Sign\u00e9es\u00a0: Chanel 08.\r\n\r\nDimensions\u00a0: 2,5 x 1,3 cm.\r\n\r\nExcellent \u00e9tat vintage.<\/span><\/pre>\n<pre class=\"tw-data-text tw-text-large tw-ta\" dir=\"ltr\" tabindex=\"-1\" role=\"text\" data-placeholder=\"Traduction\" data-ved=\"2ahUKEwjWo-C7hIuRAxXIgf0HHakRLYIQ3ewLegQIChAW\" aria-label=\"Texte traduit\u00a0: Boucles d'oreilles clips Chanel vintage, \u00e9l\u00e9gantes et discr\u00e8tes, 2008, en cristal facett\u00e9 clair et m\u00e9tal argent\u00e9.\r\n\r\nSign\u00e9es\u00a0: Chanel 08.\r\n\r\nDimensions\u00a0: 2,5 x 1,3 cm.\r\n\r\nExcellent \u00e9tat vintage.\"><span class=\"Y2IQFc\" lang=\"fr\">\u00a0<\/span><\/pre>\n<pre id=\"tw-target-text\" class=\"tw-data-text tw-text-large tw-ta\" dir=\"ltr\" tabindex=\"-1\" role=\"text\" data-placeholder=\"Traduction\" data-ved=\"2ahUKEwjWo-C7hIuRAxXIgf0HHakRLYIQ3ewLegQIChAW\" aria-label=\"Texte traduit\u00a0: Boucles d'oreilles clips Chanel vintage, \u00e9l\u00e9gantes et discr\u00e8tes, 2008, en cristal facett\u00e9 clair et m\u00e9tal argent\u00e9.\r\n\r\nSign\u00e9es\u00a0: Chanel 08.\r\n\r\nDimensions\u00a0: 2,5 x 1,3 cm.\r\n\r\nExcellent \u00e9tat vintage.\"><\/pre>\n<pre id=\"tw-target-text\" class=\"tw-data-text tw-text-large tw-ta\" dir=\"ltr\" tabindex=\"-1\" role=\"text\" data-placeholder=\"Traduction\" data-ved=\"2ahUKEwjWo-C7hIuRAxXIgf0HHakRLYIQ3ewLegQIChAW\" aria-label=\"Texte traduit\u00a0: Boucles d'oreilles clips Chanel vintage, \u00e9l\u00e9gantes et discr\u00e8tes, 2008, en cristal facett\u00e9 clair et m\u00e9tal argent\u00e9.\r\n\r\nSign\u00e9es\u00a0: Chanel 08.\r\n\r\nDimensions\u00a0: 2,5 x 1,3 cm.\r\n\r\nExcellent \u00e9tat vintage.\"><span class=\"Y2IQFc\" lang=\"fr\">\u00a0<\/span><\/pre>\n","protected":false},"featured_media":34515,"template":"","meta":{"_seopress_robots_primary_cat":"","_seopress_titles_title":"","_seopress_titles_desc":"","_seopress_robots_index":"","content-type":""},"pwb-brand":[],"product_brand":[],"product_cat":[862,864,910,3273,960,1143],"product_tag":[],"class_list":{"0":"post-34511","1":"product","2":"type-product","3":"status-publish","4":"has-post-thumbnail","6":"product_cat-1-bijoux-vintage","7":"product_cat-boucles-d-oreilles-vintage","8":"product_cat-chanel-vintage-bijoux-sacs","9":"product_cat-logo-mania","10":"product_cat-shop-by-look-vintage","11":"product_cat-selection-bijoux-sacs-luxe-vintage","13":"first","14":"instock","15":"shipping-taxable","16":"purchasable","17":"product-type-simple","18":"layout-style-1","19":"col-md-4 col-sm-4 col-xs-6","20":"col-lg-3","21":"product-has-gallery","22":"product-style-default"},"jetpack_sharing_enabled":true,"brands":[],"_links":{"self":[{"href":"https:\/\/katheleys.com\/fr\/wp-json\/wp\/v2\/product\/34511","targetHints":{"allow":["GET"]}}],"collection":[{"href":"https:\/\/katheleys.com\/fr\/wp-json\/wp\/v2\/product"}],"about":[{"href":"https:\/\/katheleys.com\/fr\/wp-json\/wp\/v2\/types\/product"}],"wp:featuredmedia":[{"embeddable":true,"href":"https:\/\/katheleys.com\/fr\/wp-json\/wp\/v2\/media\/34515"}],"wp:attachment":[{"href":"https:\/\/katheleys.com\/fr\/wp-json\/wp\/v2\/media?parent=34511"}],"wp:term":[{"taxonomy":"pwb-brand","embeddable":true,"href":"https:\/\/katheleys.com\/fr\/wp-json\/wp\/v2\/pwb-brand?post=34511"},{"taxonomy":"product_brand","embeddable":true,"href":"https:\/\/katheleys.com\/fr\/wp-json\/wp\/v2\/product_brand?post=34511"},{"taxonomy":"product_cat","embeddable":true,"href":"https:\/\/katheleys.com\/fr\/wp-json\/wp\/v2\/product_cat?post=34511"},{"taxonomy":"product_tag","embeddable":true,"href":"https:\/\/katheleys.com\/fr\/wp-json\/wp\/v2\/product_tag?post=34511"}],"curies":[{"name":"wp","href":"https:\/\/api.w.org\/{rel}","templated":true}]}}