{"id":34231,"date":"2025-10-17T05:30:25","date_gmt":"2025-10-17T03:30:25","guid":{"rendered":"https:\/\/katheleys.com\/product\/delvaux-the-extase-bag-c-1990\/"},"modified":"2025-10-17T05:32:24","modified_gmt":"2025-10-17T03:32:24","slug":"delvaux-sac-vintage-extase-c-1990","status":"publish","type":"product","link":"https:\/\/katheleys.com\/fr\/produit\/delvaux-sac-vintage-extase-c-1990\/","title":{"rendered":"Delvaux Rare Sac Extase c.1990"},"content":{"rendered":"","protected":false},"excerpt":{"rendered":"<p class=\"mb-2\">The Extase bag of Delvaux made of cognac varnished leather &#8211; c.1990. Founded in Brussels in 1829, Delvaux is recognized as the oldest fine leather luxury goods house in the world and is the official purveyor to the Royal Court of Belgium.<br \/>\n* Of interest to a collection of bags !<\/p>\n<p>Delvaux \u2013 Sac Extase en cuir verni cognac, vers 1990.<br \/>\nUn mod\u00e8le rare et \u00e9l\u00e9gant de la Maison Delvaux, r\u00e9alis\u00e9 en cuir verni couleur cognac.<br \/>\n\u00c9tat : tr\u00e8s bon \u00e9tat vintage, pr\u00e9sentant de l\u00e9g\u00e8res marques sur le cuir verni (voir photos), probablement due au stockage.<br \/>\nFond\u00e9e \u00e0 Bruxelles en 1829, Delvaux est la plus ancienne maison de maroquinerie de luxe au monde et fournisseur officiel de la Cour Royale de Belgique.<br \/>\n*Int\u00e9ressant pour une collection de sacs !<\/p>\n<div class=\"mb-2\">\n<p><span class=\"descGroupLabel desc-group-label\">Dimensions: <\/span>27 x 32 x 11 cm. (10.6 x 12.6 x 4.3 in.)<br \/>\n<i>Condition: slight marks on the varnished leather (see pictures).<\/i><\/p>\n<\/div>\n","protected":false},"featured_media":34230,"template":"","meta":{"_seopress_robots_primary_cat":"none","_seopress_titles_title":"","_seopress_titles_desc":"","_seopress_robots_index":"","content-type":""},"pwb-brand":[],"product_brand":[],"product_cat":[916,878,876,1143],"product_tag":[],"class_list":{"0":"post-34231","1":"product","2":"type-product","3":"status-publish","4":"has-post-thumbnail","6":"product_cat-delvaux-vintage-sacs","7":"product_cat-sacs","8":"product_cat-2-sacs-vintage-luxe","9":"product_cat-selection-bijoux-sacs-luxe-vintage","11":"first","12":"instock","13":"shipping-taxable","14":"purchasable","15":"product-type-simple","16":"layout-style-1","17":"col-md-4 col-sm-4 col-xs-6","18":"col-lg-3","19":"product-has-gallery","20":"product-style-default"},"jetpack_sharing_enabled":true,"brands":[],"_links":{"self":[{"href":"https:\/\/katheleys.com\/fr\/wp-json\/wp\/v2\/product\/34231","targetHints":{"allow":["GET"]}}],"collection":[{"href":"https:\/\/katheleys.com\/fr\/wp-json\/wp\/v2\/product"}],"about":[{"href":"https:\/\/katheleys.com\/fr\/wp-json\/wp\/v2\/types\/product"}],"wp:featuredmedia":[{"embeddable":true,"href":"https:\/\/katheleys.com\/fr\/wp-json\/wp\/v2\/media\/34230"}],"wp:attachment":[{"href":"https:\/\/katheleys.com\/fr\/wp-json\/wp\/v2\/media?parent=34231"}],"wp:term":[{"taxonomy":"pwb-brand","embeddable":true,"href":"https:\/\/katheleys.com\/fr\/wp-json\/wp\/v2\/pwb-brand?post=34231"},{"taxonomy":"product_brand","embeddable":true,"href":"https:\/\/katheleys.com\/fr\/wp-json\/wp\/v2\/product_brand?post=34231"},{"taxonomy":"product_cat","embeddable":true,"href":"https:\/\/katheleys.com\/fr\/wp-json\/wp\/v2\/product_cat?post=34231"},{"taxonomy":"product_tag","embeddable":true,"href":"https:\/\/katheleys.com\/fr\/wp-json\/wp\/v2\/product_tag?post=34231"}],"curies":[{"name":"wp","href":"https:\/\/api.w.org\/{rel}","templated":true}]}}