{"id":33530,"date":"2025-06-08T10:27:37","date_gmt":"2025-06-08T08:27:37","guid":{"rendered":"https:\/\/katheleys.com\/product\/the-hermes-kelly-black-box-leather-32-cm\/"},"modified":"2025-08-19T09:32:54","modified_gmt":"2025-08-19T07:32:54","slug":"hermes-kelly-box-cuir-noir-32-cm","status":"publish","type":"product","link":"https:\/\/katheleys.com\/fr\/produit\/hermes-kelly-box-cuir-noir-32-cm\/","title":{"rendered":"The Herm\u00e8s Kelly black box leather 32 cm"},"content":{"rendered":"","protected":false},"excerpt":{"rendered":"<p style=\"margin: 0cm 0cm 9.0pt 0cm;\"><span style=\"font-family: 'Times New Roman',serif;\">L\u2019\u00e9l\u00e9gance fran\u00e7aise par excellence.<\/span><\/p>\n<p style=\"font-variant-caps: normal; font-width: normal; font-size-adjust: none; font-kerning: auto; font-variant-alternates: normal; font-variant-ligatures: normal; font-variant-numeric: normal; font-variant-east-asian: normal; font-variant-position: normal; font-variant-emoji: normal; font-feature-settings: normal; font-optical-sizing: auto; font-variation-settings: normal; -webkit-text-stroke-width: 0px; -webkit-text-stroke-color: #000000; margin: 0cm 0cm 9.0pt 0cm;\"><span style=\"font-kerning: none;\"><span style=\"font-family: 'Times New Roman',serif;\">L\u2019\u00e9tat de ce Kelly est tout simplement incroyable \u2014 une v\u00e9ritable merveille.<\/span><\/span><\/p>\n<p style=\"font-variant-caps: normal; font-width: normal; font-size-adjust: none; font-kerning: auto; font-variant-alternates: normal; font-variant-ligatures: normal; font-variant-numeric: normal; font-variant-east-asian: normal; font-variant-position: normal; font-variant-emoji: normal; font-feature-settings: normal; font-optical-sizing: auto; font-variation-settings: normal; -webkit-text-stroke-width: 0px; -webkit-text-stroke-color: #000000; min-height: 13.8px; margin: 0cm 0cm 9.0pt 0cm;\"><span style=\"font-size: 9.0pt; font-family: 'Times New Roman',serif;\">\u00a0<\/span><span style=\"font-kerning: none;\"><span style=\"font-family: 'Times New Roman',serif;\">Herm\u00e8s Kelly en box noir, 32 cm, sellier, avec finitions en m\u00e9tal dor\u00e9.<\/span><\/span><\/p>\n<p style=\"font-variant-caps: normal; font-width: normal; font-size-adjust: none; font-kerning: auto; font-variant-alternates: normal; font-variant-ligatures: normal; font-variant-numeric: normal; font-variant-east-asian: normal; font-variant-position: normal; font-variant-emoji: normal; font-feature-settings: normal; font-optical-sizing: auto; font-variation-settings: normal; -webkit-text-stroke-width: 0px; -webkit-text-stroke-color: #000000; margin: 0cm 0cm 9.0pt 0cm;\"><span style=\"font-kerning: none;\"><span style=\"font-family: 'Times New Roman',serif;\">Excellent \u00e9tat vintage, conserv\u00e9 dans ses conditions d\u2019origine.<\/span><\/span><\/p>\n<p style=\"font-variant-caps: normal; font-width: normal; font-size-adjust: none; font-kerning: auto; font-variant-alternates: normal; font-variant-ligatures: normal; font-variant-numeric: normal; font-variant-east-asian: normal; font-variant-position: normal; font-variant-emoji: normal; font-feature-settings: normal; font-optical-sizing: auto; font-variation-settings: normal; -webkit-text-stroke-width: 0px; -webkit-text-stroke-color: #000000; margin: 0cm 0cm 9.0pt 0cm;\"><span style=\"font-kerning: none;\"><span style=\"font-family: 'Times New Roman',serif;\">Sign\u00e9 : Herm\u00e8s Paris, Made in France, lettre U dans un cercle.<\/span><\/span><\/p>\n<p style=\"font-variant-caps: normal; font-width: normal; font-size-adjust: none; font-kerning: auto; font-variant-alternates: normal; font-variant-ligatures: normal; font-variant-numeric: normal; font-variant-east-asian: normal; font-variant-position: normal; font-variant-emoji: normal; font-feature-settings: normal; font-optical-sizing: auto; font-variation-settings: normal; -webkit-text-stroke-width: 0px; -webkit-text-stroke-color: #000000; margin: 0cm 0cm 9.0pt 0cm;\"><span style=\"font-kerning: none;\"><span style=\"font-family: 'Times New Roman',serif;\">Dimensions : 32 cm<\/span><\/span><\/p>\n<p style=\"font-variant-caps: normal; font-width: normal; font-size-adjust: none; font-kerning: auto; font-variant-alternates: normal; font-variant-ligatures: normal; font-variant-numeric: normal; font-variant-east-asian: normal; font-variant-position: normal; font-variant-emoji: normal; font-feature-settings: normal; font-optical-sizing: auto; font-variation-settings: normal; -webkit-text-stroke-width: 0px; -webkit-text-stroke-color: #000000; margin: 0cm 0cm 9.0pt 0cm;\"><span style=\"font-kerning: none;\"><span style=\"font-family: 'Times New Roman',serif;\">Livr\u00e9 avec dustbag, bandouli\u00e8re et certificat.<\/span><\/span><\/p>\n<p>&nbsp;<\/p>\n","protected":false},"featured_media":33003,"template":"","meta":{"_seopress_robots_primary_cat":"none","_seopress_titles_title":"","_seopress_titles_desc":"","_seopress_robots_index":"","content-type":""},"pwb-brand":[],"product_brand":[],"product_cat":[894],"product_tag":[3259],"class_list":{"0":"post-33530","1":"product","2":"type-product","3":"status-publish","4":"has-post-thumbnail","6":"product_cat-archives-vintage","7":"product_tag-hermes-bagsexpert-fr","9":"first","10":"outofstock","11":"shipping-taxable","12":"purchasable","13":"product-type-simple","14":"layout-style-1","15":"col-md-4 col-sm-4 col-xs-6","16":"col-lg-3","17":"product-has-gallery","18":"product-style-default"},"jetpack_sharing_enabled":true,"brands":[],"_links":{"self":[{"href":"https:\/\/katheleys.com\/fr\/wp-json\/wp\/v2\/product\/33530","targetHints":{"allow":["GET"]}}],"collection":[{"href":"https:\/\/katheleys.com\/fr\/wp-json\/wp\/v2\/product"}],"about":[{"href":"https:\/\/katheleys.com\/fr\/wp-json\/wp\/v2\/types\/product"}],"wp:featuredmedia":[{"embeddable":true,"href":"https:\/\/katheleys.com\/fr\/wp-json\/wp\/v2\/media\/33003"}],"wp:attachment":[{"href":"https:\/\/katheleys.com\/fr\/wp-json\/wp\/v2\/media?parent=33530"}],"wp:term":[{"taxonomy":"pwb-brand","embeddable":true,"href":"https:\/\/katheleys.com\/fr\/wp-json\/wp\/v2\/pwb-brand?post=33530"},{"taxonomy":"product_brand","embeddable":true,"href":"https:\/\/katheleys.com\/fr\/wp-json\/wp\/v2\/product_brand?post=33530"},{"taxonomy":"product_cat","embeddable":true,"href":"https:\/\/katheleys.com\/fr\/wp-json\/wp\/v2\/product_cat?post=33530"},{"taxonomy":"product_tag","embeddable":true,"href":"https:\/\/katheleys.com\/fr\/wp-json\/wp\/v2\/product_tag?post=33530"}],"curies":[{"name":"wp","href":"https:\/\/api.w.org\/{rel}","templated":true}]}}