{"id":29473,"date":"2024-11-01T11:58:35","date_gmt":"2024-11-01T10:58:35","guid":{"rendered":"https:\/\/katheleys.com\/product\/chanel-petites-boucles-doreilles-logo-emaillees-2004\/"},"modified":"2024-11-05T11:35:33","modified_gmt":"2024-11-05T10:35:33","slug":"chanel-petites-boucles-doreilles-logo-emaillees-2004","status":"publish","type":"product","link":"https:\/\/katheleys.com\/fr\/produit\/chanel-petites-boucles-doreilles-logo-emaillees-2004\/","title":{"rendered":"Chanel petites boucles d&rsquo;oreilles logo \u00e9maill\u00e9es 2006"},"content":{"rendered":"","protected":false},"excerpt":{"rendered":"<p><strong>Pour les amoureux de Chanel \u00e0 la recherche de petites boucles d&rsquo;oreilles <\/strong>\u2665\ufe0f<strong>! Elles sont juste magnifiques et superbe travail d&rsquo;\u00e9mail, cristal, couleur Champagne dor\u00e9. <\/strong><\/p>\n<p><strong>Dimensions: 1,3 x 1 cm<\/strong><\/p>\n<p><strong>signature: Chanel 2006 made in France <\/strong><\/p>\n<p><strong>Excellent vintage condition <\/strong><\/p>\n<p>L\u2019ensemble de nos boucles d\u2019oreilles clips sont resserr\u00e9es et fournies avec des petits caoutchouc de protection.<\/p>\n<p><a href=\"https:\/\/katheleys.com\/fr\/categorie-produit\/marques-de-luxe\/chanel-fr\/\">Lien vers notre collection Chanel Vintage<\/a><\/p>\n","protected":false},"featured_media":28677,"template":"","meta":{"_seopress_robots_primary_cat":"none","_seopress_titles_title":"","_seopress_titles_desc":"","_seopress_robots_index":"","content-type":""},"pwb-brand":[],"product_brand":[],"product_cat":[862,864,910,1143],"product_tag":[2286],"class_list":{"0":"post-29473","1":"product","2":"type-product","3":"status-publish","4":"has-post-thumbnail","6":"product_cat-1-bijoux-vintage","7":"product_cat-boucles-d-oreilles-vintage","8":"product_cat-chanel-vintage-bijoux-sacs","9":"product_cat-selection-bijoux-sacs-luxe-vintage","10":"product_tag-chanel-expert-fr","12":"first","13":"outofstock","14":"shipping-taxable","15":"purchasable","16":"product-type-simple","17":"layout-style-1","18":"col-md-4 col-sm-4 col-xs-6","19":"col-lg-3","20":"product-has-gallery","21":"product-style-default"},"jetpack_sharing_enabled":true,"brands":[],"_links":{"self":[{"href":"https:\/\/katheleys.com\/fr\/wp-json\/wp\/v2\/product\/29473","targetHints":{"allow":["GET"]}}],"collection":[{"href":"https:\/\/katheleys.com\/fr\/wp-json\/wp\/v2\/product"}],"about":[{"href":"https:\/\/katheleys.com\/fr\/wp-json\/wp\/v2\/types\/product"}],"wp:featuredmedia":[{"embeddable":true,"href":"https:\/\/katheleys.com\/fr\/wp-json\/wp\/v2\/media\/28677"}],"wp:attachment":[{"href":"https:\/\/katheleys.com\/fr\/wp-json\/wp\/v2\/media?parent=29473"}],"wp:term":[{"taxonomy":"pwb-brand","embeddable":true,"href":"https:\/\/katheleys.com\/fr\/wp-json\/wp\/v2\/pwb-brand?post=29473"},{"taxonomy":"product_brand","embeddable":true,"href":"https:\/\/katheleys.com\/fr\/wp-json\/wp\/v2\/product_brand?post=29473"},{"taxonomy":"product_cat","embeddable":true,"href":"https:\/\/katheleys.com\/fr\/wp-json\/wp\/v2\/product_cat?post=29473"},{"taxonomy":"product_tag","embeddable":true,"href":"https:\/\/katheleys.com\/fr\/wp-json\/wp\/v2\/product_tag?post=29473"}],"curies":[{"name":"wp","href":"https:\/\/api.w.org\/{rel}","templated":true}]}}