{"id":28953,"date":"2024-10-30T11:45:39","date_gmt":"2024-10-30T10:45:39","guid":{"rendered":"https:\/\/katheleys.com\/product\/dior-vintage-ensemble-collier-et-bracelet-cristal-rouge-profond-80s\/"},"modified":"2024-11-05T21:31:14","modified_gmt":"2024-11-05T20:31:14","slug":"dior-vintage-ensemble-collier-et-bracelet-cristal-rouge-profond-80s","status":"publish","type":"product","link":"https:\/\/katheleys.com\/fr\/produit\/dior-vintage-ensemble-collier-et-bracelet-cristal-rouge-profond-80s\/","title":{"rendered":"Dior vintage Ensemble collier et bracelet cristal rouge profond 80s"},"content":{"rendered":"","protected":false},"excerpt":{"rendered":"<p><strong>Magnifique et tr\u00e8s rare ensemble Christian Dior vintage compos\u00e9 du collier et du bracelet. Compos\u00e9 de perles de cristal rouge fonc\u00e9 facet\u00e9, m\u00e9tal dor\u00e9. Ann\u00e9es 80 et tellement dans le style de la collection Masai de Galliano pour Dior.\u00a0<\/strong><\/p>\n<p><strong>J&rsquo;aime tellement cet ensemble et dans un \u00e9tat excellent !!!\u00a0<\/strong><\/p>\n<p><strong>Dimensions: bracelet: longueur:18cm, largeur: 2,8 cm, Collier: longueur 40 \u00e0 45 cm, point le plus large: 7cm<\/strong><\/p>\n<p><strong>Signature CD Dior<\/strong><\/p>\n<p><a href=\"https:\/\/katheleys.com\/fr\/categorie-produit\/marques-de-luxe\/dior\/\">Lien vers la Collection Christian Dior Vintage Collector<\/a><\/p>\n","protected":false},"featured_media":28002,"template":"","meta":{"_seopress_robots_primary_cat":"","_seopress_titles_title":"","_seopress_titles_desc":"","_seopress_robots_index":"","content-type":""},"pwb-brand":[],"product_brand":[],"product_cat":[862,866,918,960,1143,3275],"product_tag":[2928,2930,2931],"class_list":{"0":"post-28953","1":"product","2":"type-product","3":"status-publish","4":"has-post-thumbnail","6":"product_cat-1-bijoux-vintage","7":"product_cat-colliers","8":"product_cat-dior-vintage-bijoux-sacs","9":"product_cat-shop-by-look-vintage","10":"product_cat-selection-bijoux-sacs-luxe-vintage","11":"product_cat-vintage-intemporel","12":"product_tag-dior-bijoux-vintage-fr-4","13":"product_tag-dior-bijoux-vintage-fr-5","14":"product_tag-dior-masai-fr","16":"first","17":"instock","18":"shipping-taxable","19":"purchasable","20":"product-type-simple","21":"layout-style-1","22":"col-md-4 col-sm-4 col-xs-6","23":"col-lg-3","24":"product-has-gallery","25":"product-style-default"},"jetpack_sharing_enabled":true,"brands":[],"_links":{"self":[{"href":"https:\/\/katheleys.com\/fr\/wp-json\/wp\/v2\/product\/28953","targetHints":{"allow":["GET"]}}],"collection":[{"href":"https:\/\/katheleys.com\/fr\/wp-json\/wp\/v2\/product"}],"about":[{"href":"https:\/\/katheleys.com\/fr\/wp-json\/wp\/v2\/types\/product"}],"wp:featuredmedia":[{"embeddable":true,"href":"https:\/\/katheleys.com\/fr\/wp-json\/wp\/v2\/media\/28002"}],"wp:attachment":[{"href":"https:\/\/katheleys.com\/fr\/wp-json\/wp\/v2\/media?parent=28953"}],"wp:term":[{"taxonomy":"pwb-brand","embeddable":true,"href":"https:\/\/katheleys.com\/fr\/wp-json\/wp\/v2\/pwb-brand?post=28953"},{"taxonomy":"product_brand","embeddable":true,"href":"https:\/\/katheleys.com\/fr\/wp-json\/wp\/v2\/product_brand?post=28953"},{"taxonomy":"product_cat","embeddable":true,"href":"https:\/\/katheleys.com\/fr\/wp-json\/wp\/v2\/product_cat?post=28953"},{"taxonomy":"product_tag","embeddable":true,"href":"https:\/\/katheleys.com\/fr\/wp-json\/wp\/v2\/product_tag?post=28953"}],"curies":[{"name":"wp","href":"https:\/\/api.w.org\/{rel}","templated":true}]}}