{"id":27534,"date":"2024-09-02T15:17:20","date_gmt":"2024-09-02T13:17:20","guid":{"rendered":"https:\/\/katheleys.com\/product\/rare-broche-chanel-collector-parfum-ete-2018\/"},"modified":"2024-11-02T14:10:19","modified_gmt":"2024-11-02T13:10:19","slug":"rare-broche-chanel-collector-parfum-ete-2018","status":"publish","type":"product","link":"https:\/\/katheleys.com\/fr\/produit\/rare-broche-chanel-collector-parfum-ete-2018\/","title":{"rendered":"Rare broche Chanel collector parfum \u00e9t\u00e9 2018"},"content":{"rendered":"","protected":false},"excerpt":{"rendered":"<p>Rare broche Chanel collector parfum \u00e9t\u00e9 2018. Edition vraiment sp\u00e9ciale repr\u00e9sentant la bouteille de parfum Chanel n\u00b05 lanc\u00e9e en 1921.<\/p>\n<p>Cette broche est faite de r\u00e9sine et m\u00e9tal argent\u00e9.<\/p>\n<p>Poin\u00e7on: Chanel made in France, 2018<\/p>\n<p>Excellent vintage condition<\/p>\n<p>Dimensions: 5,4 x 3,2 cm<\/p>\n<p><a href=\"https:\/\/katheleys.com\/fr\/categorie-produit\/marques-de-luxe\/chanel-fr\/\">Lien vers Collection Chanel Vintage<\/a><\/p>\n","protected":false},"featured_media":27480,"template":"","meta":{"_seopress_robots_primary_cat":"","_seopress_titles_title":"","_seopress_titles_desc":"","_seopress_robots_index":"","content-type":""},"pwb-brand":[],"product_brand":[],"product_cat":[894],"product_tag":[2722,2721,2720],"class_list":{"0":"post-27534","1":"product","2":"type-product","3":"status-publish","4":"has-post-thumbnail","6":"product_cat-archives-vintage","7":"product_tag-chanel-beach-brooch-fr","8":"product_tag-chanel-collector-perfume-brooch-fr","9":"product_tag-chanel-summer-2018-brooch-fr","11":"first","12":"outofstock","13":"shipping-taxable","14":"purchasable","15":"product-type-simple","16":"layout-style-1","17":"col-md-4 col-sm-4 col-xs-6","18":"col-lg-3","19":"product-has-gallery","20":"product-style-default"},"jetpack_sharing_enabled":true,"brands":[],"_links":{"self":[{"href":"https:\/\/katheleys.com\/fr\/wp-json\/wp\/v2\/product\/27534","targetHints":{"allow":["GET"]}}],"collection":[{"href":"https:\/\/katheleys.com\/fr\/wp-json\/wp\/v2\/product"}],"about":[{"href":"https:\/\/katheleys.com\/fr\/wp-json\/wp\/v2\/types\/product"}],"wp:featuredmedia":[{"embeddable":true,"href":"https:\/\/katheleys.com\/fr\/wp-json\/wp\/v2\/media\/27480"}],"wp:attachment":[{"href":"https:\/\/katheleys.com\/fr\/wp-json\/wp\/v2\/media?parent=27534"}],"wp:term":[{"taxonomy":"pwb-brand","embeddable":true,"href":"https:\/\/katheleys.com\/fr\/wp-json\/wp\/v2\/pwb-brand?post=27534"},{"taxonomy":"product_brand","embeddable":true,"href":"https:\/\/katheleys.com\/fr\/wp-json\/wp\/v2\/product_brand?post=27534"},{"taxonomy":"product_cat","embeddable":true,"href":"https:\/\/katheleys.com\/fr\/wp-json\/wp\/v2\/product_cat?post=27534"},{"taxonomy":"product_tag","embeddable":true,"href":"https:\/\/katheleys.com\/fr\/wp-json\/wp\/v2\/product_tag?post=27534"}],"curies":[{"name":"wp","href":"https:\/\/api.w.org\/{rel}","templated":true}]}}