{"id":27421,"date":"2024-01-08T22:03:14","date_gmt":"2024-01-08T21:03:14","guid":{"rendered":"https:\/\/katheleys.com\/product\/louis-vuitton-pen-case-monogram\/"},"modified":"2024-11-02T17:49:46","modified_gmt":"2024-11-02T16:49:46","slug":"louis-vuitton-pen-case-monogram","status":"publish","type":"product","link":"https:\/\/katheleys.com\/fr\/produit\/louis-vuitton-pen-case-monogram\/","title":{"rendered":"Louis Vuitton Etui stylo\/bic vintage 2008"},"content":{"rendered":"","protected":false},"excerpt":{"rendered":"<p>Louis Vuitton Pochette bic\/stylo, monogramme, doublure en daim.<\/p>\n<p>Excellent vintage condition<\/p>\n<p>Signature: Louis Vuitton Paris made in France, num\u00e9ro de s\u00e9rie, ann\u00e9e 2008.<\/p>\n<p>Dimensions: 17 x 6 cm<\/p>\n<p><a href=\"https:\/\/katheleys.com\/fr\/categorie-produit\/marques-de-luxe\/louis-vuitton\/\">Lien vers Louis Vuitton Vintage Collector<\/a><\/p>\n","protected":false},"featured_media":27092,"template":"","meta":{"_seopress_robots_primary_cat":"none","_seopress_titles_title":"","_seopress_titles_desc":"","_seopress_robots_index":"","content-type":""},"pwb-brand":[],"product_brand":[],"product_cat":[894],"product_tag":[2696],"class_list":{"0":"post-27421","1":"product","2":"type-product","3":"status-publish","4":"has-post-thumbnail","6":"product_cat-archives-vintage","7":"product_tag-louis-vuitton-pen-case-monogram-fr","9":"first","10":"outofstock","11":"shipping-taxable","12":"purchasable","13":"product-type-simple","14":"layout-style-1","15":"col-md-4 col-sm-4 col-xs-6","16":"col-lg-3","17":"product-has-gallery","18":"product-style-default"},"jetpack_sharing_enabled":true,"brands":[],"_links":{"self":[{"href":"https:\/\/katheleys.com\/fr\/wp-json\/wp\/v2\/product\/27421","targetHints":{"allow":["GET"]}}],"collection":[{"href":"https:\/\/katheleys.com\/fr\/wp-json\/wp\/v2\/product"}],"about":[{"href":"https:\/\/katheleys.com\/fr\/wp-json\/wp\/v2\/types\/product"}],"wp:featuredmedia":[{"embeddable":true,"href":"https:\/\/katheleys.com\/fr\/wp-json\/wp\/v2\/media\/27092"}],"wp:attachment":[{"href":"https:\/\/katheleys.com\/fr\/wp-json\/wp\/v2\/media?parent=27421"}],"wp:term":[{"taxonomy":"pwb-brand","embeddable":true,"href":"https:\/\/katheleys.com\/fr\/wp-json\/wp\/v2\/pwb-brand?post=27421"},{"taxonomy":"product_brand","embeddable":true,"href":"https:\/\/katheleys.com\/fr\/wp-json\/wp\/v2\/product_brand?post=27421"},{"taxonomy":"product_cat","embeddable":true,"href":"https:\/\/katheleys.com\/fr\/wp-json\/wp\/v2\/product_cat?post=27421"},{"taxonomy":"product_tag","embeddable":true,"href":"https:\/\/katheleys.com\/fr\/wp-json\/wp\/v2\/product_tag?post=27421"}],"curies":[{"name":"wp","href":"https:\/\/api.w.org\/{rel}","templated":true}]}}