{"id":22588,"date":"2022-01-20T16:52:05","date_gmt":"2022-01-20T15:52:05","guid":{"rendered":"https:\/\/katheleys.com\/?post_type=product&#038;p=22588"},"modified":"2024-11-02T11:28:06","modified_gmt":"2024-11-02T10:28:06","slug":"impressionnante-broche-vintage-oiseau-style-lady-gaga","status":"publish","type":"product","link":"https:\/\/katheleys.com\/fr\/produit\/impressionnante-broche-vintage-oiseau-style-lady-gaga\/","title":{"rendered":"Impressionnante broche vintage Oiseau Style Lady Gaga"},"content":{"rendered":"","protected":false},"excerpt":{"rendered":"<p>Impressionnante Broche oiseau en toile de jute, pi\u00e8ce unique dans le style de la broche Schiaparelli port\u00e9e par Lady Gaga lors de l&rsquo;investiture du Pr\u00e9sident Joe Biden.<\/p>\n<p>Dimensions: 19 x 19 cm<\/p>\n<p>Signature: Non sign\u00e9e juste unique !!!<\/p>\n<p>Excellent \u00e9tat vintage<\/p>\n","protected":false},"featured_media":22594,"template":"","meta":{"_seopress_robots_primary_cat":"","_seopress_titles_title":"%%post_title%% |","_seopress_titles_desc":"Somptueuse broche pendentif des ann\u00e9es 70, attribution YSL. Achetez sur Katheleys la plus belle s\u00e9lection de bijoux vintage YSL, Dior, Lacroix,...","_seopress_robots_index":"","content-type":""},"pwb-brand":[839],"product_brand":[],"product_cat":[894],"product_tag":[1734,1577,1853],"class_list":{"0":"post-22588","1":"product","2":"type-product","3":"status-publish","4":"has-post-thumbnail","6":"pwb-brand-ysl","7":"product_cat-archives-vintage","8":"product_tag-vintage-belgium-fr","9":"product_tag-vintage-jewels-fr","10":"product_tag-ysl-jewels-fr","11":"pa_color-ambre","12":"pa_color-or","13":"pa_look-timeless-elegance","15":"first","16":"outofstock","17":"shipping-taxable","18":"purchasable","19":"product-type-simple","20":"layout-style-1","21":"col-md-4 col-sm-4 col-xs-6","22":"col-lg-3","23":"product-has-gallery","24":"product-style-default"},"jetpack_sharing_enabled":true,"brands":[{"id":839,"name":"YSL","slug":"ysl"}],"_links":{"self":[{"href":"https:\/\/katheleys.com\/fr\/wp-json\/wp\/v2\/product\/22588","targetHints":{"allow":["GET"]}}],"collection":[{"href":"https:\/\/katheleys.com\/fr\/wp-json\/wp\/v2\/product"}],"about":[{"href":"https:\/\/katheleys.com\/fr\/wp-json\/wp\/v2\/types\/product"}],"wp:featuredmedia":[{"embeddable":true,"href":"https:\/\/katheleys.com\/fr\/wp-json\/wp\/v2\/media\/22594"}],"wp:attachment":[{"href":"https:\/\/katheleys.com\/fr\/wp-json\/wp\/v2\/media?parent=22588"}],"wp:term":[{"taxonomy":"pwb-brand","embeddable":true,"href":"https:\/\/katheleys.com\/fr\/wp-json\/wp\/v2\/pwb-brand?post=22588"},{"taxonomy":"product_brand","embeddable":true,"href":"https:\/\/katheleys.com\/fr\/wp-json\/wp\/v2\/product_brand?post=22588"},{"taxonomy":"product_cat","embeddable":true,"href":"https:\/\/katheleys.com\/fr\/wp-json\/wp\/v2\/product_cat?post=22588"},{"taxonomy":"product_tag","embeddable":true,"href":"https:\/\/katheleys.com\/fr\/wp-json\/wp\/v2\/product_tag?post=22588"}],"curies":[{"name":"wp","href":"https:\/\/api.w.org\/{rel}","templated":true}]}}