{"id":22301,"date":"2021-11-08T21:11:17","date_gmt":"2021-11-08T20:11:18","guid":{"rendered":"https:\/\/katheleys.com\/?post_type=product&#038;p=22301"},"modified":"2021-11-09T13:54:26","modified_gmt":"2021-11-09T12:54:26","slug":"thierry-mugler-rare-70s-space-age-boucles-doreilles-vintage-clips","status":"publish","type":"product","link":"https:\/\/katheleys.com\/fr\/produit\/thierry-mugler-rare-70s-space-age-boucles-doreilles-vintage-clips\/","title":{"rendered":"Thierry Mugler Rare 70s Space Age Boucles d&rsquo;oreilles Vintage clips"},"content":{"rendered":"","protected":false},"excerpt":{"rendered":"<p>J&rsquo;adore le design !!! Magnifique boucles d&rsquo;oreilles vintage des ann\u00e9es 70, plexi noir, m\u00e9tal argent\u00e9.<\/p>\n<p>Dimensions: 7.5 x 4 cm<\/p>\n<p>Signature: TM<\/p>\n<p>Excellent Vintage Condition.<\/p>\n<p>Note: L&rsquo;ensemble de nos boucles d&rsquo;oreilles clips sont resserr\u00e9es et fournies avec des petits caoutchouc de protection. All our Clip-on earrings are tighted and delivered with extra protection.<\/p>\n","protected":false},"featured_media":22305,"template":"","meta":{"_seopress_robots_primary_cat":"","_seopress_titles_title":"","_seopress_titles_desc":"Impressionnantes boucles d'oreilles vintage Claude Montana par Claire D\u00e9v\u00e9 clip, 90s. Achetez sur Katheleys la plus belle s\u00e9lection de bijoux de couture. Expert","_seopress_robots_index":"","content-type":""},"pwb-brand":[1178],"product_brand":[],"product_cat":[894],"product_tag":[1577],"class_list":{"0":"post-22301","1":"product","2":"type-product","3":"status-publish","4":"has-post-thumbnail","6":"pwb-brand-others-autres-fr","7":"product_cat-archives-vintage","8":"product_tag-vintage-jewels-fr","9":"pa_color-blanc","10":"pa_color-crystal-fr","12":"first","13":"outofstock","14":"purchasable","15":"product-type-simple","16":"layout-style-1","17":"col-md-4 col-sm-4 col-xs-6","18":"col-lg-3","19":"product-has-gallery","20":"product-style-default"},"jetpack_sharing_enabled":true,"brands":[{"id":1178,"name":"Others \/ Autres","slug":"others-autres-fr"}],"_links":{"self":[{"href":"https:\/\/katheleys.com\/fr\/wp-json\/wp\/v2\/product\/22301","targetHints":{"allow":["GET"]}}],"collection":[{"href":"https:\/\/katheleys.com\/fr\/wp-json\/wp\/v2\/product"}],"about":[{"href":"https:\/\/katheleys.com\/fr\/wp-json\/wp\/v2\/types\/product"}],"wp:featuredmedia":[{"embeddable":true,"href":"https:\/\/katheleys.com\/fr\/wp-json\/wp\/v2\/media\/22305"}],"wp:attachment":[{"href":"https:\/\/katheleys.com\/fr\/wp-json\/wp\/v2\/media?parent=22301"}],"wp:term":[{"taxonomy":"pwb-brand","embeddable":true,"href":"https:\/\/katheleys.com\/fr\/wp-json\/wp\/v2\/pwb-brand?post=22301"},{"taxonomy":"product_brand","embeddable":true,"href":"https:\/\/katheleys.com\/fr\/wp-json\/wp\/v2\/product_brand?post=22301"},{"taxonomy":"product_cat","embeddable":true,"href":"https:\/\/katheleys.com\/fr\/wp-json\/wp\/v2\/product_cat?post=22301"},{"taxonomy":"product_tag","embeddable":true,"href":"https:\/\/katheleys.com\/fr\/wp-json\/wp\/v2\/product_tag?post=22301"}],"curies":[{"name":"wp","href":"https:\/\/api.w.org\/{rel}","templated":true}]}}