{"id":22016,"date":"2021-07-15T11:12:19","date_gmt":"2021-07-15T09:12:19","guid":{"rendered":"https:\/\/katheleys.com\/?post_type=product&#038;p=22016"},"modified":"2021-07-15T11:31:46","modified_gmt":"2021-07-15T09:31:46","slug":"christian-dior-vintage-glamour-boucles-doreilles-1958","status":"publish","type":"product","link":"https:\/\/katheleys.com\/fr\/produit\/christian-dior-vintage-glamour-boucles-doreilles-1958\/","title":{"rendered":"Christian Dior Vintage Glamour Boucles d&rsquo;oreilles 1958"},"content":{"rendered":"","protected":false},"excerpt":{"rendered":"<p>Magnifiques et rarissimes boucles d&rsquo;oreilles vintage Christian Dior sign\u00e9es 1958 !!! Faites de cristal et m\u00e9tal argent\u00e9.<\/p>\n<p>Dimensions: 3.4 x 2.5 cm<\/p>\n<p>Signature: Christian Dior 1958<\/p>\n<p>Etat Tr\u00e8s bon \u00e9tat vintage<\/p>\n","protected":false},"featured_media":22018,"template":"","meta":{"_seopress_robots_primary_cat":"","_seopress_titles_title":"","_seopress_titles_desc":"Magnifiques et rarissimes boucles d'oreilles vintage Christian Dior sign\u00e9es 1958 !!! Achetez sur Katheleys une s\u00e9lection exceptionnelle de bijoux vintage Dior","_seopress_robots_index":"","content-type":""},"pwb-brand":[1199],"product_brand":[],"product_cat":[894],"product_tag":[1231,1366],"class_list":{"0":"post-22016","1":"product","2":"type-product","3":"status-publish","4":"has-post-thumbnail","6":"pwb-brand-dior-fr","7":"product_cat-archives-vintage","8":"product_tag-dior-jewels-fr","9":"product_tag-dior-vintage","10":"pa_color-crystal-fr","11":"pa_look-exotic-skin-fr","13":"first","14":"outofstock","15":"shipping-taxable","16":"purchasable","17":"product-type-simple","18":"layout-style-1","19":"col-md-4 col-sm-4 col-xs-6","20":"col-lg-3","21":"product-has-gallery","22":"product-style-default"},"jetpack_sharing_enabled":true,"brands":[{"id":1199,"name":"Dior","slug":"dior-fr"}],"_links":{"self":[{"href":"https:\/\/katheleys.com\/fr\/wp-json\/wp\/v2\/product\/22016","targetHints":{"allow":["GET"]}}],"collection":[{"href":"https:\/\/katheleys.com\/fr\/wp-json\/wp\/v2\/product"}],"about":[{"href":"https:\/\/katheleys.com\/fr\/wp-json\/wp\/v2\/types\/product"}],"wp:featuredmedia":[{"embeddable":true,"href":"https:\/\/katheleys.com\/fr\/wp-json\/wp\/v2\/media\/22018"}],"wp:attachment":[{"href":"https:\/\/katheleys.com\/fr\/wp-json\/wp\/v2\/media?parent=22016"}],"wp:term":[{"taxonomy":"pwb-brand","embeddable":true,"href":"https:\/\/katheleys.com\/fr\/wp-json\/wp\/v2\/pwb-brand?post=22016"},{"taxonomy":"product_brand","embeddable":true,"href":"https:\/\/katheleys.com\/fr\/wp-json\/wp\/v2\/product_brand?post=22016"},{"taxonomy":"product_cat","embeddable":true,"href":"https:\/\/katheleys.com\/fr\/wp-json\/wp\/v2\/product_cat?post=22016"},{"taxonomy":"product_tag","embeddable":true,"href":"https:\/\/katheleys.com\/fr\/wp-json\/wp\/v2\/product_tag?post=22016"}],"curies":[{"name":"wp","href":"https:\/\/api.w.org\/{rel}","templated":true}]}}