{"id":21702,"date":"2021-05-26T11:44:47","date_gmt":"2021-05-26T09:44:47","guid":{"rendered":"https:\/\/katheleys.com\/?post_type=product&#038;p=21702"},"modified":"2021-05-26T12:22:50","modified_gmt":"2021-05-26T10:22:50","slug":"claude-montana-by-claire-deve-boucles-vintage-90s-copy","status":"publish","type":"product","link":"https:\/\/katheleys.com\/fr\/produit\/claude-montana-by-claire-deve-boucles-vintage-90s-copy\/","title":{"rendered":"Claude Montana Exceptionnelles boucles Vintage 90s"},"content":{"rendered":"","protected":false},"excerpt":{"rendered":"<p>Impressionnantes boucles d&rsquo;oreilles vintage Claude Montana par Claire D\u00e9v\u00e9 clip, 90s, r\u00e9sine &amp; cristal de roche.<\/p>\n<p>Size: 11 x 2 cm<\/p>\n<p>Signed: Montana<\/p>\n<p>Excellent Vintage Condition.<\/p>\n<p>Note: L&rsquo;ensemble de nos boucles d&rsquo;oreilles clips sont resserr\u00e9es et fournies avec des petits caoutchouc de protection. All our Clip-on earrings are tighted and delivered with extra protection.<\/p>\n","protected":false},"featured_media":21704,"template":"","meta":{"_seopress_robots_primary_cat":"","_seopress_titles_title":"","_seopress_titles_desc":"Impressionnantes boucles d'oreilles vintage Claude Montana par Claire D\u00e9v\u00e9 clip, 90s. Achetez sur Katheleys la plus belle s\u00e9lection de bijoux de couture. Expert","_seopress_robots_index":"","content-type":""},"pwb-brand":[840],"product_brand":[],"product_cat":[894],"product_tag":[1577],"class_list":{"0":"post-21702","1":"product","2":"type-product","3":"status-publish","4":"has-post-thumbnail","6":"pwb-brand-claire-deve","7":"product_cat-archives-vintage","8":"product_tag-vintage-jewels-fr","9":"pa_color-blanc","10":"pa_color-crystal-fr","12":"first","13":"outofstock","14":"purchasable","15":"product-type-simple","16":"layout-style-1","17":"col-md-4 col-sm-4 col-xs-6","18":"col-lg-3","19":"product-has-gallery","20":"product-style-default"},"jetpack_sharing_enabled":true,"brands":[{"id":840,"name":"Claire Deve","slug":"claire-deve"}],"_links":{"self":[{"href":"https:\/\/katheleys.com\/fr\/wp-json\/wp\/v2\/product\/21702","targetHints":{"allow":["GET"]}}],"collection":[{"href":"https:\/\/katheleys.com\/fr\/wp-json\/wp\/v2\/product"}],"about":[{"href":"https:\/\/katheleys.com\/fr\/wp-json\/wp\/v2\/types\/product"}],"wp:featuredmedia":[{"embeddable":true,"href":"https:\/\/katheleys.com\/fr\/wp-json\/wp\/v2\/media\/21704"}],"wp:attachment":[{"href":"https:\/\/katheleys.com\/fr\/wp-json\/wp\/v2\/media?parent=21702"}],"wp:term":[{"taxonomy":"pwb-brand","embeddable":true,"href":"https:\/\/katheleys.com\/fr\/wp-json\/wp\/v2\/pwb-brand?post=21702"},{"taxonomy":"product_brand","embeddable":true,"href":"https:\/\/katheleys.com\/fr\/wp-json\/wp\/v2\/product_brand?post=21702"},{"taxonomy":"product_cat","embeddable":true,"href":"https:\/\/katheleys.com\/fr\/wp-json\/wp\/v2\/product_cat?post=21702"},{"taxonomy":"product_tag","embeddable":true,"href":"https:\/\/katheleys.com\/fr\/wp-json\/wp\/v2\/product_tag?post=21702"}],"curies":[{"name":"wp","href":"https:\/\/api.w.org\/{rel}","templated":true}]}}