{"id":21554,"date":"2021-05-19T18:00:12","date_gmt":"2021-05-19T16:08:56","guid":{"rendered":"https:\/\/katheleys.com\/?post_type=product&#038;p=21554"},"modified":"2024-11-02T11:28:09","modified_gmt":"2024-11-02T10:28:09","slug":"chantal-thomas-bracelet-mosaique-vinatge-80s","status":"publish","type":"product","link":"https:\/\/katheleys.com\/fr\/produit\/chantal-thomas-bracelet-mosaique-vinatge-80s\/","title":{"rendered":"Chantal Thomass mosa\u00efque vintage bracelet 80s"},"content":{"rendered":"","protected":false},"excerpt":{"rendered":"<p>Beau bracelet de la c\u00e9l\u00e8bre cr\u00e9atrice parisienne Chantal Thomass, fin ann\u00e9es 80. R\u00e9sine en m\u00e9tal dor\u00e9.<\/p>\n<p>Dimensions: 18 x 3,7 cm<\/p>\n<p>Signature: Chantal Thomass<\/p>\n<p>Excellent \u00e9tat vintage<\/p>\n","protected":false},"featured_media":21594,"template":"","meta":{"_seopress_robots_primary_cat":"","_seopress_titles_title":"","_seopress_titles_desc":"Beau bracelet de la c\u00e9l\u00e8bre cr\u00e9atrice parisienne Chantal Thomass. Achetez sur Katheleys la plus belle s\u00e9lection de bijoux et sacs vintage, Dior, YSL, Lacroix","_seopress_robots_index":"","content-type":""},"pwb-brand":[851],"product_brand":[],"product_cat":[894],"product_tag":[1734,1577],"class_list":{"0":"post-21554","1":"product","2":"type-product","3":"status-publish","4":"has-post-thumbnail","6":"pwb-brand-unique-vintage","7":"product_cat-archives-vintage","8":"product_tag-vintage-belgium-fr","9":"product_tag-vintage-jewels-fr","11":"first","12":"outofstock","13":"shipping-taxable","14":"purchasable","15":"product-type-simple","16":"layout-style-1","17":"col-md-4 col-sm-4 col-xs-6","18":"col-lg-3","19":"product-has-gallery","20":"product-style-default"},"jetpack_sharing_enabled":true,"brands":[{"id":851,"name":"Unique Vintage","slug":"unique-vintage"}],"_links":{"self":[{"href":"https:\/\/katheleys.com\/fr\/wp-json\/wp\/v2\/product\/21554","targetHints":{"allow":["GET"]}}],"collection":[{"href":"https:\/\/katheleys.com\/fr\/wp-json\/wp\/v2\/product"}],"about":[{"href":"https:\/\/katheleys.com\/fr\/wp-json\/wp\/v2\/types\/product"}],"wp:featuredmedia":[{"embeddable":true,"href":"https:\/\/katheleys.com\/fr\/wp-json\/wp\/v2\/media\/21594"}],"wp:attachment":[{"href":"https:\/\/katheleys.com\/fr\/wp-json\/wp\/v2\/media?parent=21554"}],"wp:term":[{"taxonomy":"pwb-brand","embeddable":true,"href":"https:\/\/katheleys.com\/fr\/wp-json\/wp\/v2\/pwb-brand?post=21554"},{"taxonomy":"product_brand","embeddable":true,"href":"https:\/\/katheleys.com\/fr\/wp-json\/wp\/v2\/product_brand?post=21554"},{"taxonomy":"product_cat","embeddable":true,"href":"https:\/\/katheleys.com\/fr\/wp-json\/wp\/v2\/product_cat?post=21554"},{"taxonomy":"product_tag","embeddable":true,"href":"https:\/\/katheleys.com\/fr\/wp-json\/wp\/v2\/product_tag?post=21554"}],"curies":[{"name":"wp","href":"https:\/\/api.w.org\/{rel}","templated":true}]}}