{"id":21211,"date":"2021-04-27T19:15:48","date_gmt":"2021-04-27T17:20:26","guid":{"rendered":"https:\/\/katheleys.com\/?post_type=product&#038;p=21211"},"modified":"2021-04-27T19:20:26","modified_gmt":"2021-04-27T17:20:26","slug":"chanel-ceinture-pompom-cuir-marron-vintage-80s","status":"publish","type":"product","link":"https:\/\/katheleys.com\/fr\/produit\/chanel-ceinture-pompom-cuir-marron-vintage-80s\/","title":{"rendered":"Chanel ceinture vintage rock marron 80s"},"content":{"rendered":"","protected":false},"excerpt":{"rendered":"<div class=\"woocommerce-product-details__short-description\">\n<div class=\"woocommerce-product-details__short-description\">\n<p>Magnifique et intemporelle Chanel ceinture\/collier vintage avec pompon c.1980.\u00a0 M\u00e9tal dor\u00e9 entrelac\u00e9 de cuir marron, vous pouvez la porter de diff\u00e9rentes fa\u00e7ons et m\u00eame en sautoir selon vos envies. Tr\u00e8s chic dans sa couleur marron. Un intemporel Chanel \u00e0 avoir par excellence :)!<\/p>\n<p>Dimensions: Longueur totale: 156 cm et pompon: 9,5 cm<\/p>\n<p>Signature: Chanel sur le fermoir<\/p>\n<p>Excellent Etat vintage<\/p>\n<\/div>\n<\/div>\n","protected":false},"featured_media":21198,"template":"","meta":{"_seopress_robots_primary_cat":"","_seopress_titles_title":"","_seopress_titles_desc":"Magnifique et intemporelle Chanel ceinture\/collier vintage avec pompon c.1980.&nbsp;Achetez sur Katheleys la plus belle s\u00e9lection de bijoux\/ceinture Chanel, collector","_seopress_robots_index":"","content-type":""},"pwb-brand":[820],"product_brand":[],"product_cat":[894],"product_tag":[1898,1720,1722,1734],"class_list":{"0":"post-21211","1":"product","2":"type-product","3":"status-publish","4":"has-post-thumbnail","6":"pwb-brand-chanel","7":"product_cat-archives-vintage","8":"product_tag-chanel-collectors-fr","9":"product_tag-chanel-jewels-fr","10":"product_tag-chanel-vintage-fr-2","11":"product_tag-vintage-belgium-fr","12":"pa_color-brun","13":"pa_color-or","14":"pa_look-timeless-elegance","16":"first","17":"outofstock","18":"shipping-taxable","19":"purchasable","20":"product-type-simple","21":"layout-style-1","22":"col-md-4 col-sm-4 col-xs-6","23":"col-lg-3","24":"product-has-gallery","25":"product-style-default"},"jetpack_sharing_enabled":true,"brands":[{"id":820,"name":"Chanel","slug":"chanel"}],"_links":{"self":[{"href":"https:\/\/katheleys.com\/fr\/wp-json\/wp\/v2\/product\/21211","targetHints":{"allow":["GET"]}}],"collection":[{"href":"https:\/\/katheleys.com\/fr\/wp-json\/wp\/v2\/product"}],"about":[{"href":"https:\/\/katheleys.com\/fr\/wp-json\/wp\/v2\/types\/product"}],"wp:featuredmedia":[{"embeddable":true,"href":"https:\/\/katheleys.com\/fr\/wp-json\/wp\/v2\/media\/21198"}],"wp:attachment":[{"href":"https:\/\/katheleys.com\/fr\/wp-json\/wp\/v2\/media?parent=21211"}],"wp:term":[{"taxonomy":"pwb-brand","embeddable":true,"href":"https:\/\/katheleys.com\/fr\/wp-json\/wp\/v2\/pwb-brand?post=21211"},{"taxonomy":"product_brand","embeddable":true,"href":"https:\/\/katheleys.com\/fr\/wp-json\/wp\/v2\/product_brand?post=21211"},{"taxonomy":"product_cat","embeddable":true,"href":"https:\/\/katheleys.com\/fr\/wp-json\/wp\/v2\/product_cat?post=21211"},{"taxonomy":"product_tag","embeddable":true,"href":"https:\/\/katheleys.com\/fr\/wp-json\/wp\/v2\/product_tag?post=21211"}],"curies":[{"name":"wp","href":"https:\/\/api.w.org\/{rel}","templated":true}]}}