{"id":20842,"date":"2021-04-07T15:48:51","date_gmt":"2021-04-07T13:51:58","guid":{"rendered":"https:\/\/katheleys.com\/?post_type=product&#038;p=20842"},"modified":"2021-04-07T15:51:59","modified_gmt":"2021-04-07T13:51:59","slug":"christian-lacroix-vintage-sac-de-soiree-cuir-et-cristal-90s","status":"publish","type":"product","link":"https:\/\/katheleys.com\/fr\/produit\/christian-lacroix-vintage-sac-de-soiree-cuir-et-cristal-90s\/","title":{"rendered":"Christian Lacroix vintage sac du soir cuir et cristal 90s"},"content":{"rendered":"","protected":false},"excerpt":{"rendered":"<div class=\"woocommerce-product-details__short-description\">\n<p>Tr\u00e8s couture et rare Christian Lacroix vintage sac du soir des ann\u00e9es 90, cuir noir et boules en cristal. Un r\u00e9el bijou collector&#8230;<\/p>\n<p>Dimensions: 21 x 12 x 8 cm<\/p>\n<p>Signature: Christian Lacroix Paris<\/p>\n<p>Etat: Excellent \u00e9tat vintage<\/p>\n<\/div>\n","protected":false},"featured_media":20829,"template":"","meta":{"_seopress_robots_primary_cat":"","_seopress_titles_title":"","_seopress_titles_desc":"Tr\u00e8s couture et rare Christian Lacroix vintage sac du soir des ann\u00e9es 90. Achetez sur Katheleys des sacs et bijoux Christian Lacroix vintage, personal shopper","_seopress_robots_index":"","content-type":""},"pwb-brand":[1165],"product_brand":[],"product_cat":[894],"product_tag":[1859,1398],"class_list":{"0":"post-20842","1":"product","2":"type-product","3":"status-publish","4":"has-post-thumbnail","6":"pwb-brand-christian-lacroix-fr","7":"product_cat-archives-vintage","8":"product_tag-lacroix-jewels-fr","9":"product_tag-lacroix-vintage-fr","10":"pa_color-noir","11":"pa_look-collector","13":"first","14":"outofstock","15":"shipping-taxable","16":"purchasable","17":"product-type-simple","18":"layout-style-1","19":"col-md-4 col-sm-4 col-xs-6","20":"col-lg-3","21":"product-has-gallery","22":"product-style-default"},"jetpack_sharing_enabled":true,"brands":[{"id":1165,"name":"Christian Lacroix","slug":"christian-lacroix-fr"}],"_links":{"self":[{"href":"https:\/\/katheleys.com\/fr\/wp-json\/wp\/v2\/product\/20842","targetHints":{"allow":["GET"]}}],"collection":[{"href":"https:\/\/katheleys.com\/fr\/wp-json\/wp\/v2\/product"}],"about":[{"href":"https:\/\/katheleys.com\/fr\/wp-json\/wp\/v2\/types\/product"}],"wp:featuredmedia":[{"embeddable":true,"href":"https:\/\/katheleys.com\/fr\/wp-json\/wp\/v2\/media\/20829"}],"wp:attachment":[{"href":"https:\/\/katheleys.com\/fr\/wp-json\/wp\/v2\/media?parent=20842"}],"wp:term":[{"taxonomy":"pwb-brand","embeddable":true,"href":"https:\/\/katheleys.com\/fr\/wp-json\/wp\/v2\/pwb-brand?post=20842"},{"taxonomy":"product_brand","embeddable":true,"href":"https:\/\/katheleys.com\/fr\/wp-json\/wp\/v2\/product_brand?post=20842"},{"taxonomy":"product_cat","embeddable":true,"href":"https:\/\/katheleys.com\/fr\/wp-json\/wp\/v2\/product_cat?post=20842"},{"taxonomy":"product_tag","embeddable":true,"href":"https:\/\/katheleys.com\/fr\/wp-json\/wp\/v2\/product_tag?post=20842"}],"curies":[{"name":"wp","href":"https:\/\/api.w.org\/{rel}","templated":true}]}}