{"id":20420,"date":"2021-03-25T13:01:48","date_gmt":"2021-03-25T12:18:41","guid":{"rendered":"https:\/\/katheleys.com\/?post_type=product&#038;p=20420"},"modified":"2024-11-02T11:28:10","modified_gmt":"2024-11-02T10:28:10","slug":"bitossi-tirelire-hibou-en-ceramique-turquoise-70s","status":"publish","type":"product","link":"https:\/\/katheleys.com\/fr\/produit\/bitossi-tirelire-hibou-en-ceramique-turquoise-70s\/","title":{"rendered":"Bitossi tirelire hibou en c\u00e9ramique turquoise 70s"},"content":{"rendered":"","protected":false},"excerpt":{"rendered":"<p>Rare et tr\u00e8s belle tirelire Bitossi italy, c\u00e9ramique turquoise, amusant et recherch\u00e9&#8230;<\/p>\n<p>Dimensions: 27 x 17 cm<\/p>\n<p>Signature: Italy<\/p>\n<p>Condition: Excellent \u00e9tat vintage<\/p>\n","protected":false},"featured_media":20447,"template":"","meta":{"_seopress_robots_primary_cat":"","_seopress_titles_title":"","_seopress_titles_desc":"Rare et tr\u00e8s belle tirelire Bitossi italy, c\u00e9ramique turquoise, amusant et recherch\u00e9. Achetez sur Katheleys le meilleur du vintage en Belgique, personal shopper","_seopress_robots_index":"","content-type":""},"pwb-brand":[851],"product_brand":[],"product_cat":[894],"product_tag":[1734],"class_list":{"0":"post-20420","1":"product","2":"type-product","3":"status-publish","4":"has-post-thumbnail","6":"pwb-brand-unique-vintage","7":"product_cat-archives-vintage","8":"product_tag-vintage-belgium-fr","9":"pa_color-turquoise-fr","10":"pa_look-surreal-fr","12":"first","13":"outofstock","14":"shipping-taxable","15":"purchasable","16":"product-type-simple","17":"layout-style-1","18":"col-md-4 col-sm-4 col-xs-6","19":"col-lg-3","20":"product-has-gallery","21":"product-style-default"},"jetpack_sharing_enabled":true,"brands":[{"id":851,"name":"Unique Vintage","slug":"unique-vintage"}],"_links":{"self":[{"href":"https:\/\/katheleys.com\/fr\/wp-json\/wp\/v2\/product\/20420","targetHints":{"allow":["GET"]}}],"collection":[{"href":"https:\/\/katheleys.com\/fr\/wp-json\/wp\/v2\/product"}],"about":[{"href":"https:\/\/katheleys.com\/fr\/wp-json\/wp\/v2\/types\/product"}],"wp:featuredmedia":[{"embeddable":true,"href":"https:\/\/katheleys.com\/fr\/wp-json\/wp\/v2\/media\/20447"}],"wp:attachment":[{"href":"https:\/\/katheleys.com\/fr\/wp-json\/wp\/v2\/media?parent=20420"}],"wp:term":[{"taxonomy":"pwb-brand","embeddable":true,"href":"https:\/\/katheleys.com\/fr\/wp-json\/wp\/v2\/pwb-brand?post=20420"},{"taxonomy":"product_brand","embeddable":true,"href":"https:\/\/katheleys.com\/fr\/wp-json\/wp\/v2\/product_brand?post=20420"},{"taxonomy":"product_cat","embeddable":true,"href":"https:\/\/katheleys.com\/fr\/wp-json\/wp\/v2\/product_cat?post=20420"},{"taxonomy":"product_tag","embeddable":true,"href":"https:\/\/katheleys.com\/fr\/wp-json\/wp\/v2\/product_tag?post=20420"}],"curies":[{"name":"wp","href":"https:\/\/api.w.org\/{rel}","templated":true}]}}