{"id":20361,"date":"2021-03-25T11:18:35","date_gmt":"2021-03-25T10:22:31","guid":{"rendered":"https:\/\/katheleys.com\/?post_type=product&#038;p=20361"},"modified":"2021-03-25T11:22:32","modified_gmt":"2021-03-25T10:22:32","slug":"hermes-au-fil-du-fleuve-tabouret-pliable-2005","status":"publish","type":"product","link":"https:\/\/katheleys.com\/fr\/produit\/hermes-au-fil-du-fleuve-tabouret-pliable-2005\/","title":{"rendered":"Herm\u00e8s Au Fil du Fleuve tabouret pliable 2005"},"content":{"rendered":"","protected":false},"excerpt":{"rendered":"<p>Limited Edition Herm\u00e8s Au Fil du Fleuve rare tabouret portable et pliable 2005, m\u00e9tal argent\u00e9 et assise en toile canvas beige Herm\u00e8s.<\/p>\n<p>Dimensions: 38 x 36 x 17 cm<\/p>\n<p>Signature: Herm\u00e8s Paris<\/p>\n<p>Condition: Neuf avec housse d&rsquo;origine<\/p>\n","protected":false},"featured_media":20343,"template":"","meta":{"_seopress_robots_primary_cat":"","_seopress_titles_title":"","_seopress_titles_desc":"Limited Edition Herm\u00e8s Au Fil du Fleuve rare tabouret portable et pliable 2005, achetez sur Katheleys la meilleur s\u00e9lection de sacs et accessoires Herm\u00e8s","_seopress_robots_index":"","content-type":""},"pwb-brand":[1164],"product_brand":[],"product_cat":[892,930,1143],"product_tag":[1284],"class_list":{"0":"post-20361","1":"product","2":"type-product","3":"status-publish","4":"has-post-thumbnail","6":"pwb-brand-hermes-fr","7":"product_cat-5-design","8":"product_cat-hermes-vintage-fr","9":"product_cat-selection-bijoux-sacs-luxe-vintage","10":"product_tag-hermes-vintage-fr","11":"pa_color-argent","12":"pa_color-beige-fr","13":"pa_look-timeless-elegance","15":"first","16":"instock","17":"shipping-taxable","18":"purchasable","19":"product-type-simple","20":"layout-style-1","21":"col-md-4 col-sm-4 col-xs-6","22":"col-lg-3","23":"product-has-gallery","24":"product-style-default"},"jetpack_sharing_enabled":true,"brands":[{"id":1164,"name":"Herm\u00e8s","slug":"hermes-fr"}],"_links":{"self":[{"href":"https:\/\/katheleys.com\/fr\/wp-json\/wp\/v2\/product\/20361","targetHints":{"allow":["GET"]}}],"collection":[{"href":"https:\/\/katheleys.com\/fr\/wp-json\/wp\/v2\/product"}],"about":[{"href":"https:\/\/katheleys.com\/fr\/wp-json\/wp\/v2\/types\/product"}],"wp:featuredmedia":[{"embeddable":true,"href":"https:\/\/katheleys.com\/fr\/wp-json\/wp\/v2\/media\/20343"}],"wp:attachment":[{"href":"https:\/\/katheleys.com\/fr\/wp-json\/wp\/v2\/media?parent=20361"}],"wp:term":[{"taxonomy":"pwb-brand","embeddable":true,"href":"https:\/\/katheleys.com\/fr\/wp-json\/wp\/v2\/pwb-brand?post=20361"},{"taxonomy":"product_brand","embeddable":true,"href":"https:\/\/katheleys.com\/fr\/wp-json\/wp\/v2\/product_brand?post=20361"},{"taxonomy":"product_cat","embeddable":true,"href":"https:\/\/katheleys.com\/fr\/wp-json\/wp\/v2\/product_cat?post=20361"},{"taxonomy":"product_tag","embeddable":true,"href":"https:\/\/katheleys.com\/fr\/wp-json\/wp\/v2\/product_tag?post=20361"}],"curies":[{"name":"wp","href":"https:\/\/api.w.org\/{rel}","templated":true}]}}