{"id":18799,"date":"2021-01-14T10:47:04","date_gmt":"2021-01-14T09:47:04","guid":{"rendered":"https:\/\/katheleys.com\/product\/delvaux-tempete-gladiator-bag-gm-limited-edition\/"},"modified":"2021-01-22T17:06:04","modified_gmt":"2021-01-22T16:06:04","slug":"delvaux-tempete-gladiator-sac-gm-limited-edition","status":"publish","type":"product","link":"https:\/\/katheleys.com\/fr\/produit\/delvaux-tempete-gladiator-sac-gm-limited-edition\/","title":{"rendered":"Delvaux Temp\u00eate Gladiator sac GM Limited Edition"},"content":{"rendered":"","protected":false},"excerpt":{"rendered":"<p>Exceptionnel Delvaux Temp\u00eate Le Gladiator, \u00e9dition limit\u00e9e. Fait plexi et m\u00e9tal argent\u00e9, finitions en gomme noire.\u00a0<span id=\"s2_1\">Ce sac est selon moi le sac le plus innovant du d\u00e9but du XXI si\u00e8cle.<\/span>\u00a0<span id=\"s2_2\">C\u2019est une \u00e9dition limit\u00e9e.<\/span><\/p>\n<p><span id=\"s2_5\">Comme l\u2019a d\u00e9crit Delvaux, le gladiateur est le mod\u00e8le le plus avant-gardiste de Delvaux \u00e0 ce jour.<\/span>\u00a0<span id=\"s2_6\">Alliant prouesses technologiques et savoir-faire exceptionnel, ce guerrier moderne est spectaculaire et puissant, \u00e9l\u00e9gant et avant-gardiste.<\/span>\u00a0<span id=\"s2_7\">Con\u00e7u en \u00e9dition limit\u00e9e, il s\u2019inscrit dans la lign\u00e9e des autres mod\u00e8les high-tech exceptionnels de la Maison, le Dark Night et le Hero.<\/span>\u00a0<span id=\"s2_8\">Il a \u00e9t\u00e9 construit avec 15 moules de diff\u00e9rentes tailles qui ont pris un an pour se d\u00e9velopper et s\u2019am\u00e9liorer.<\/span><\/p>\n<p>Dimensions: 31 x 25 x 10 cm<\/p>\n<p>Signature: Delvaux made in Italy<\/p>\n<p>Condition: Neuf avec dustbag<\/p>\n","protected":false},"featured_media":18786,"template":"","meta":{"_seopress_robots_primary_cat":"","_seopress_titles_title":"","_seopress_titles_desc":"","_seopress_robots_index":"","content-type":""},"pwb-brand":[823],"product_brand":[],"product_cat":[894],"product_tag":[],"class_list":{"0":"post-18799","1":"product","2":"type-product","3":"status-publish","4":"has-post-thumbnail","6":"pwb-brand-delvaux","7":"product_cat-archives-vintage","8":"pa_color-argent","9":"pa_color-noir","10":"pa_look-collector","11":"pa_look-surreal-fr","13":"first","14":"outofstock","15":"shipping-taxable","16":"purchasable","17":"product-type-simple","18":"layout-style-1","19":"col-md-4 col-sm-4 col-xs-6","20":"col-lg-3","21":"product-has-gallery","22":"product-style-default"},"jetpack_sharing_enabled":true,"brands":[{"id":823,"name":"Delvaux","slug":"delvaux"}],"_links":{"self":[{"href":"https:\/\/katheleys.com\/fr\/wp-json\/wp\/v2\/product\/18799","targetHints":{"allow":["GET"]}}],"collection":[{"href":"https:\/\/katheleys.com\/fr\/wp-json\/wp\/v2\/product"}],"about":[{"href":"https:\/\/katheleys.com\/fr\/wp-json\/wp\/v2\/types\/product"}],"wp:featuredmedia":[{"embeddable":true,"href":"https:\/\/katheleys.com\/fr\/wp-json\/wp\/v2\/media\/18786"}],"wp:attachment":[{"href":"https:\/\/katheleys.com\/fr\/wp-json\/wp\/v2\/media?parent=18799"}],"wp:term":[{"taxonomy":"pwb-brand","embeddable":true,"href":"https:\/\/katheleys.com\/fr\/wp-json\/wp\/v2\/pwb-brand?post=18799"},{"taxonomy":"product_brand","embeddable":true,"href":"https:\/\/katheleys.com\/fr\/wp-json\/wp\/v2\/product_brand?post=18799"},{"taxonomy":"product_cat","embeddable":true,"href":"https:\/\/katheleys.com\/fr\/wp-json\/wp\/v2\/product_cat?post=18799"},{"taxonomy":"product_tag","embeddable":true,"href":"https:\/\/katheleys.com\/fr\/wp-json\/wp\/v2\/product_tag?post=18799"}],"curies":[{"name":"wp","href":"https:\/\/api.w.org\/{rel}","templated":true}]}}