{"id":18431,"date":"2020-12-09T12:54:45","date_gmt":"2020-12-09T11:54:45","guid":{"rendered":"https:\/\/katheleys.com\/product\/yves-saint-laurent-vintage-wood-clip-on-earrings-80s\/"},"modified":"2020-12-09T13:01:25","modified_gmt":"2020-12-09T12:01:25","slug":"yves-saint-laurent-vintage-boucles-d-oreilles-bois-80s","status":"publish","type":"product","link":"https:\/\/katheleys.com\/fr\/produit\/yves-saint-laurent-vintage-boucles-d-oreilles-bois-80s\/","title":{"rendered":"Yves Saint Laurent Vintage Boucles d&rsquo;oreillles Clip Bois 80s"},"content":{"rendered":"","protected":false},"excerpt":{"rendered":"<p>Tellement chic et rare boucles d&rsquo;oreilles YSL d\u00e9fil\u00e9 en bois et lucite. M\u00e9tal &lsquo;gun&rsquo;. c.1980.<\/p>\n<p>Dimensions: 9 x 3.8 cm<\/p>\n<p>Non sign\u00e9es mais certifi\u00e9es authentiques.<\/p>\n<p>Excellent \u00e9tat vintage<\/p>\n","protected":false},"featured_media":18426,"template":"","meta":{"_seopress_robots_primary_cat":"","_seopress_titles_title":"%%post_title%% YSL","_seopress_titles_desc":"So chic and rare YSL catwalk wood vintage earrings and lucite. c.1980. Shop on Katheleys an exclusive selection of YSL vintage earrings and jewels","_seopress_robots_index":"","content-type":""},"pwb-brand":[839],"product_brand":[],"product_cat":[894],"product_tag":[1577,1433,1562],"class_list":{"0":"post-18431","1":"product","2":"type-product","3":"status-publish","4":"has-post-thumbnail","6":"pwb-brand-ysl","7":"product_cat-archives-vintage","8":"product_tag-vintage-jewels-fr","9":"product_tag-ysl-vintage-jewels-fr","10":"product_tag-yves-saint-laurent-vintage-fr","11":"pa_color-argent","12":"pa_color-bois","13":"pa_look-collector","14":"pa_look-timeless-elegance","16":"first","17":"outofstock","18":"shipping-taxable","19":"purchasable","20":"product-type-simple","21":"layout-style-1","22":"col-md-4 col-sm-4 col-xs-6","23":"col-lg-3","24":"product-has-gallery","25":"product-style-default"},"jetpack_sharing_enabled":true,"brands":[{"id":839,"name":"YSL","slug":"ysl"}],"_links":{"self":[{"href":"https:\/\/katheleys.com\/fr\/wp-json\/wp\/v2\/product\/18431","targetHints":{"allow":["GET"]}}],"collection":[{"href":"https:\/\/katheleys.com\/fr\/wp-json\/wp\/v2\/product"}],"about":[{"href":"https:\/\/katheleys.com\/fr\/wp-json\/wp\/v2\/types\/product"}],"wp:featuredmedia":[{"embeddable":true,"href":"https:\/\/katheleys.com\/fr\/wp-json\/wp\/v2\/media\/18426"}],"wp:attachment":[{"href":"https:\/\/katheleys.com\/fr\/wp-json\/wp\/v2\/media?parent=18431"}],"wp:term":[{"taxonomy":"pwb-brand","embeddable":true,"href":"https:\/\/katheleys.com\/fr\/wp-json\/wp\/v2\/pwb-brand?post=18431"},{"taxonomy":"product_brand","embeddable":true,"href":"https:\/\/katheleys.com\/fr\/wp-json\/wp\/v2\/product_brand?post=18431"},{"taxonomy":"product_cat","embeddable":true,"href":"https:\/\/katheleys.com\/fr\/wp-json\/wp\/v2\/product_cat?post=18431"},{"taxonomy":"product_tag","embeddable":true,"href":"https:\/\/katheleys.com\/fr\/wp-json\/wp\/v2\/product_tag?post=18431"}],"curies":[{"name":"wp","href":"https:\/\/api.w.org\/{rel}","templated":true}]}}