{"id":18331,"date":"2020-12-06T17:37:24","date_gmt":"2020-12-06T16:37:24","guid":{"rendered":"https:\/\/katheleys.com\/product\/valentino-bow-green-leather-handbag\/"},"modified":"2020-12-06T17:40:44","modified_gmt":"2020-12-06T16:40:44","slug":"valentino-sac-vintage-noeud","status":"publish","type":"product","link":"https:\/\/katheleys.com\/fr\/produit\/valentino-sac-vintage-noeud\/","title":{"rendered":"Valentino Sac Vintage Noeud"},"content":{"rendered":"","protected":false},"excerpt":{"rendered":"<p>Magnifique vert pour ce sac Valentino Red, doublure rose.\u00a0 Bandouli\u00e8re.<\/p>\n<p>Signature: Red Valentino<\/p>\n<p>Condition: Tr\u00e8s bon \u00e9tat.\u00a0 Le cuir est un peu marqu\u00e9 mais cela pourrait \u00eatre d&rsquo;origine car le sac semble ne jamais avoir \u00e9t\u00e9 port\u00e9.<\/p>\n","protected":false},"featured_media":18322,"template":"","meta":{"_seopress_robots_primary_cat":"","_seopress_titles_title":"%%post_title%% Valentino Vintage Bags","_seopress_titles_desc":"Beautiful green leather Valentino Red Handbag.&nbsp;Shop on Katheleys an exclusive selection of vintage bags, and pre-owned luxury bags. Valentino","_seopress_robots_index":"","content-type":""},"pwb-brand":[1178],"product_brand":[],"product_cat":[894],"product_tag":[1523,1524,1525],"class_list":{"0":"post-18331","1":"product","2":"type-product","3":"status-publish","4":"has-post-thumbnail","6":"pwb-brand-others-autres-fr","7":"product_cat-archives-vintage","8":"product_tag-green-vintage-bags-fr","9":"product_tag-valentino-bags-fr","10":"product_tag-valentino-vintage-fr","11":"pa_color-vert","13":"first","14":"outofstock","15":"shipping-taxable","16":"purchasable","17":"product-type-simple","18":"layout-style-1","19":"col-md-4 col-sm-4 col-xs-6","20":"col-lg-3","21":"product-has-gallery","22":"product-style-default"},"jetpack_sharing_enabled":true,"brands":[{"id":1178,"name":"Others \/ Autres","slug":"others-autres-fr"}],"_links":{"self":[{"href":"https:\/\/katheleys.com\/fr\/wp-json\/wp\/v2\/product\/18331","targetHints":{"allow":["GET"]}}],"collection":[{"href":"https:\/\/katheleys.com\/fr\/wp-json\/wp\/v2\/product"}],"about":[{"href":"https:\/\/katheleys.com\/fr\/wp-json\/wp\/v2\/types\/product"}],"wp:featuredmedia":[{"embeddable":true,"href":"https:\/\/katheleys.com\/fr\/wp-json\/wp\/v2\/media\/18322"}],"wp:attachment":[{"href":"https:\/\/katheleys.com\/fr\/wp-json\/wp\/v2\/media?parent=18331"}],"wp:term":[{"taxonomy":"pwb-brand","embeddable":true,"href":"https:\/\/katheleys.com\/fr\/wp-json\/wp\/v2\/pwb-brand?post=18331"},{"taxonomy":"product_brand","embeddable":true,"href":"https:\/\/katheleys.com\/fr\/wp-json\/wp\/v2\/product_brand?post=18331"},{"taxonomy":"product_cat","embeddable":true,"href":"https:\/\/katheleys.com\/fr\/wp-json\/wp\/v2\/product_cat?post=18331"},{"taxonomy":"product_tag","embeddable":true,"href":"https:\/\/katheleys.com\/fr\/wp-json\/wp\/v2\/product_tag?post=18331"}],"curies":[{"name":"wp","href":"https:\/\/api.w.org\/{rel}","templated":true}]}}