{"id":18319,"date":"2020-12-06T17:21:18","date_gmt":"2020-12-06T16:21:18","guid":{"rendered":"https:\/\/katheleys.com\/product\/chanel-logo-and-seahorse-baguette-crystal-pendant-2011\/"},"modified":"2020-12-06T17:24:44","modified_gmt":"2020-12-06T16:24:44","slug":"chanel-logo-hippocampe-baguette-cristal-pendentif-2011","status":"publish","type":"product","link":"https:\/\/katheleys.com\/fr\/produit\/chanel-logo-hippocampe-baguette-cristal-pendentif-2011\/","title":{"rendered":"Chanel Logo &#038; Hippocampe Cristal Pendentif 2011"},"content":{"rendered":"","protected":false},"excerpt":{"rendered":"<p>La qualit\u00e9 de ce pendentif Chanel est vraiment superbe!!! Baguettes cristal, m\u00e9tal argent\u00e9. Rare bijou Chanel, ann\u00e9e 2011.<\/p>\n<p>Signature: Chanel Made in France, collection 11<\/p>\n<p>Dimensions: longueur de la cha\u00eene: pendentif:<\/p>\n<p>Condition: Excellent condition (tr\u00e8s tr\u00e8s peu port\u00e9)<\/p>\n<p>&nbsp;<\/p>\n","protected":false},"featured_media":18302,"template":"","meta":{"_seopress_robots_primary_cat":"","_seopress_titles_title":"%%post_title%%","_seopress_titles_desc":"The quality of this Chanel pendant is just divine !!! Gorgeous baguette crystal. Colelctable Chanel logo &amp; seahorse pendant. Best Chanel Vintage Selection","_seopress_robots_index":"","content-type":""},"pwb-brand":[820],"product_brand":[],"product_cat":[894],"product_tag":[1517,1519],"class_list":{"0":"post-18319","1":"product","2":"type-product","3":"status-publish","4":"has-post-thumbnail","6":"pwb-brand-chanel","7":"product_cat-archives-vintage","8":"product_tag-chanel-logo-crystal-fr","9":"product_tag-chanel-vintage-jewels-fr-2","10":"pa_color-argent","11":"pa_color-crystal-fr","12":"pa_look-collector","14":"first","15":"outofstock","16":"shipping-taxable","17":"purchasable","18":"product-type-simple","19":"layout-style-1","20":"col-md-4 col-sm-4 col-xs-6","21":"col-lg-3","22":"product-has-gallery","23":"product-style-default"},"jetpack_sharing_enabled":true,"brands":[{"id":820,"name":"Chanel","slug":"chanel"}],"_links":{"self":[{"href":"https:\/\/katheleys.com\/fr\/wp-json\/wp\/v2\/product\/18319","targetHints":{"allow":["GET"]}}],"collection":[{"href":"https:\/\/katheleys.com\/fr\/wp-json\/wp\/v2\/product"}],"about":[{"href":"https:\/\/katheleys.com\/fr\/wp-json\/wp\/v2\/types\/product"}],"wp:featuredmedia":[{"embeddable":true,"href":"https:\/\/katheleys.com\/fr\/wp-json\/wp\/v2\/media\/18302"}],"wp:attachment":[{"href":"https:\/\/katheleys.com\/fr\/wp-json\/wp\/v2\/media?parent=18319"}],"wp:term":[{"taxonomy":"pwb-brand","embeddable":true,"href":"https:\/\/katheleys.com\/fr\/wp-json\/wp\/v2\/pwb-brand?post=18319"},{"taxonomy":"product_brand","embeddable":true,"href":"https:\/\/katheleys.com\/fr\/wp-json\/wp\/v2\/product_brand?post=18319"},{"taxonomy":"product_cat","embeddable":true,"href":"https:\/\/katheleys.com\/fr\/wp-json\/wp\/v2\/product_cat?post=18319"},{"taxonomy":"product_tag","embeddable":true,"href":"https:\/\/katheleys.com\/fr\/wp-json\/wp\/v2\/product_tag?post=18319"}],"curies":[{"name":"wp","href":"https:\/\/api.w.org\/{rel}","templated":true}]}}