{"id":18038,"date":"2020-11-24T16:36:15","date_gmt":"2020-11-24T15:36:15","guid":{"rendered":"https:\/\/katheleys.com\/product\/paco-rabanne-vintage-ring-amethyst-purple-c-1980-90\/"},"modified":"2020-11-24T17:10:54","modified_gmt":"2020-11-24T16:10:54","slug":"paco-rabanne-vintage-ring-amethyst-purple-c-1980-90","status":"publish","type":"product","link":"https:\/\/katheleys.com\/fr\/produit\/paco-rabanne-vintage-ring-amethyst-purple-c-1980-90\/","title":{"rendered":"Paco Rabanne Vintage Bague Am\u00e9thyste c.1980-90"},"content":{"rendered":"","protected":false},"excerpt":{"rendered":"<p>Rare, belle et amusante bague Paco Rabanne vintage m\u00e9tal argent\u00e9 et breloques am\u00e9thystes.<\/p>\n<p>Signature: Paco Rabanne Paris<\/p>\n<p>Dimensions: Ajustable<\/p>\n<p>Excellent vintage condition<\/p>\n","protected":false},"featured_media":18035,"template":"","meta":{"_seopress_robots_primary_cat":"","_seopress_titles_title":"%%post_title%% Bijoux","_seopress_titles_desc":"Rare, belle et amusante bague Paco Rabanne vintage m\u00e9tal et breloques am\u00e9thystes. Signature: Paco Rabanne Paris. Achetez sur Katheleys bijoux Paco Rabanne","_seopress_robots_index":"","content-type":""},"pwb-brand":[847],"product_brand":[],"product_cat":[872,862,1036,1143],"product_tag":[1376,1377,1577],"class_list":{"0":"post-18038","1":"product","2":"type-product","3":"status-publish","4":"has-post-thumbnail","6":"pwb-brand-paco-rabanne","7":"product_cat-bagues","8":"product_cat-1-bijoux-vintage","9":"product_cat-paco-rabanne","10":"product_cat-selection-bijoux-sacs-luxe-vintage","11":"product_tag-paco-rabanne-jewels-fr","12":"product_tag-paco-rabanne-vintage-fr","13":"product_tag-vintage-jewels-fr","14":"pa_color-argent","15":"pa_color-mauve","16":"pa_look-collector","18":"first","19":"instock","20":"shipping-taxable","21":"purchasable","22":"product-type-simple","23":"layout-style-1","24":"col-md-4 col-sm-4 col-xs-6","25":"col-lg-3","26":"product-has-gallery","27":"product-style-default"},"jetpack_sharing_enabled":true,"brands":[{"id":847,"name":"Paco Rabanne","slug":"paco-rabanne"}],"_links":{"self":[{"href":"https:\/\/katheleys.com\/fr\/wp-json\/wp\/v2\/product\/18038","targetHints":{"allow":["GET"]}}],"collection":[{"href":"https:\/\/katheleys.com\/fr\/wp-json\/wp\/v2\/product"}],"about":[{"href":"https:\/\/katheleys.com\/fr\/wp-json\/wp\/v2\/types\/product"}],"wp:featuredmedia":[{"embeddable":true,"href":"https:\/\/katheleys.com\/fr\/wp-json\/wp\/v2\/media\/18035"}],"wp:attachment":[{"href":"https:\/\/katheleys.com\/fr\/wp-json\/wp\/v2\/media?parent=18038"}],"wp:term":[{"taxonomy":"pwb-brand","embeddable":true,"href":"https:\/\/katheleys.com\/fr\/wp-json\/wp\/v2\/pwb-brand?post=18038"},{"taxonomy":"product_brand","embeddable":true,"href":"https:\/\/katheleys.com\/fr\/wp-json\/wp\/v2\/product_brand?post=18038"},{"taxonomy":"product_cat","embeddable":true,"href":"https:\/\/katheleys.com\/fr\/wp-json\/wp\/v2\/product_cat?post=18038"},{"taxonomy":"product_tag","embeddable":true,"href":"https:\/\/katheleys.com\/fr\/wp-json\/wp\/v2\/product_tag?post=18038"}],"curies":[{"name":"wp","href":"https:\/\/api.w.org\/{rel}","templated":true}]}}