{"id":17853,"date":"2020-11-20T08:54:59","date_gmt":"2020-11-20T07:54:59","guid":{"rendered":"https:\/\/katheleys.com\/product\/louis-vuitton-limited-edition-vali-blanket-black-red-bag-2006\/"},"modified":"2021-06-03T10:37:59","modified_gmt":"2021-06-03T08:37:59","slug":"louis-vuitton-limited-edition-vali-blanket-black-red-bag-2006","status":"publish","type":"product","link":"https:\/\/katheleys.com\/fr\/produit\/louis-vuitton-limited-edition-vali-blanket-black-red-bag-2006\/","title":{"rendered":"Louis Vuitton Edition Limit\u00e9e Vali Blanket Sac Noir et Rouge 2006"},"content":{"rendered":"","protected":false},"excerpt":{"rendered":"<p>Superbe et vraiment rare \u00e0 trouver, Edition limit\u00e9e &lsquo;Vali Blanket&rsquo;, Volez Voguez Voyager avec des Valises Louis Vuitton. Ann\u00e9e 2006. Fait de cuir et laine. Pratique et superbe pour voyager ou pour travailler&#8230;<\/p>\n<p>Signature: Volez, Voguez, Voyager avec des Valises Louis Vuitton, Made in France, serial number: AR0076<\/p>\n<p>Dimensions: 40 x 40 x 11 cm.<\/p>\n<p>Etat neuf, livr\u00e9 avec dustbag d&rsquo;origine.<\/p>\n","protected":false},"featured_media":17844,"template":"","meta":{"_seopress_robots_primary_cat":"","_seopress_titles_title":"","_seopress_titles_desc":"","_seopress_robots_index":"","content-type":""},"pwb-brand":[838],"product_brand":[],"product_cat":[894],"product_tag":[1358,1359,1360],"class_list":{"0":"post-17853","1":"product","2":"type-product","3":"status-publish","4":"has-post-thumbnail","6":"pwb-brand-louis-vuitton","7":"product_cat-archives-vintage","8":"product_tag-louis-vuitton-limited-edition-fr","9":"product_tag-louis-vuitton-vintage-bags-fr","10":"product_tag-vuitton-red-fr","11":"pa_color-noir","12":"pa_color-rouge","13":"pa_look-collector","14":"pa_look-for-men-fr","16":"first","17":"outofstock","18":"shipping-taxable","19":"purchasable","20":"product-type-simple","21":"layout-style-1","22":"col-md-4 col-sm-4 col-xs-6","23":"col-lg-3","24":"product-has-gallery","25":"product-style-default"},"jetpack_sharing_enabled":true,"brands":[{"id":838,"name":"Louis Vuitton","slug":"louis-vuitton"}],"_links":{"self":[{"href":"https:\/\/katheleys.com\/fr\/wp-json\/wp\/v2\/product\/17853","targetHints":{"allow":["GET"]}}],"collection":[{"href":"https:\/\/katheleys.com\/fr\/wp-json\/wp\/v2\/product"}],"about":[{"href":"https:\/\/katheleys.com\/fr\/wp-json\/wp\/v2\/types\/product"}],"wp:featuredmedia":[{"embeddable":true,"href":"https:\/\/katheleys.com\/fr\/wp-json\/wp\/v2\/media\/17844"}],"wp:attachment":[{"href":"https:\/\/katheleys.com\/fr\/wp-json\/wp\/v2\/media?parent=17853"}],"wp:term":[{"taxonomy":"pwb-brand","embeddable":true,"href":"https:\/\/katheleys.com\/fr\/wp-json\/wp\/v2\/pwb-brand?post=17853"},{"taxonomy":"product_brand","embeddable":true,"href":"https:\/\/katheleys.com\/fr\/wp-json\/wp\/v2\/product_brand?post=17853"},{"taxonomy":"product_cat","embeddable":true,"href":"https:\/\/katheleys.com\/fr\/wp-json\/wp\/v2\/product_cat?post=17853"},{"taxonomy":"product_tag","embeddable":true,"href":"https:\/\/katheleys.com\/fr\/wp-json\/wp\/v2\/product_tag?post=17853"}],"curies":[{"name":"wp","href":"https:\/\/api.w.org\/{rel}","templated":true}]}}