{"id":17803,"date":"2020-11-17T13:39:02","date_gmt":"2020-11-17T12:39:02","guid":{"rendered":"https:\/\/katheleys.com\/product\/christian-dior-necklace-exceptional-1961\/"},"modified":"2020-11-17T13:46:34","modified_gmt":"2020-11-17T12:46:34","slug":"christian-dior-necklace-exceptional-1961","status":"publish","type":"product","link":"https:\/\/katheleys.com\/fr\/produit\/christian-dior-necklace-exceptional-1961\/","title":{"rendered":"Christian Dior Collier Exceptionnel 1961"},"content":{"rendered":"","protected":false},"excerpt":{"rendered":"<p>L&rsquo;\u00e9l\u00e9gance \u00e0 la fran\u00e7aise&#8230;\u00a0 Magnique et intemporel collier Christian Dior des ann\u00e9es 60. Une pi\u00e8ce de collection. M\u00e9tal dor\u00e9.<\/p>\n<p>Signature: Chr Dior 1961<\/p>\n<p>Dimensions: diam\u00e8tre int\u00e9rieur: 36 cm, width: 5.5 cm. Excellent Etat Vintage<\/p>\n","protected":false},"featured_media":17796,"template":"","meta":{"_seopress_robots_primary_cat":"","_seopress_titles_title":"","_seopress_titles_desc":"","_seopress_robots_index":"","content-type":""},"pwb-brand":[1199],"product_brand":[],"product_cat":[894],"product_tag":[1231],"class_list":{"0":"post-17803","1":"product","2":"type-product","3":"status-publish","4":"has-post-thumbnail","6":"pwb-brand-dior-fr","7":"product_cat-archives-vintage","8":"product_tag-dior-jewels-fr","9":"pa_color-or","10":"pa_look-collector","11":"pa_look-timeless-elegance","13":"first","14":"outofstock","15":"shipping-taxable","16":"purchasable","17":"product-type-simple","18":"layout-style-1","19":"col-md-4 col-sm-4 col-xs-6","20":"col-lg-3","21":"product-has-gallery","22":"product-style-default"},"jetpack_sharing_enabled":true,"brands":[{"id":1199,"name":"Dior","slug":"dior-fr"}],"_links":{"self":[{"href":"https:\/\/katheleys.com\/fr\/wp-json\/wp\/v2\/product\/17803","targetHints":{"allow":["GET"]}}],"collection":[{"href":"https:\/\/katheleys.com\/fr\/wp-json\/wp\/v2\/product"}],"about":[{"href":"https:\/\/katheleys.com\/fr\/wp-json\/wp\/v2\/types\/product"}],"wp:featuredmedia":[{"embeddable":true,"href":"https:\/\/katheleys.com\/fr\/wp-json\/wp\/v2\/media\/17796"}],"wp:attachment":[{"href":"https:\/\/katheleys.com\/fr\/wp-json\/wp\/v2\/media?parent=17803"}],"wp:term":[{"taxonomy":"pwb-brand","embeddable":true,"href":"https:\/\/katheleys.com\/fr\/wp-json\/wp\/v2\/pwb-brand?post=17803"},{"taxonomy":"product_brand","embeddable":true,"href":"https:\/\/katheleys.com\/fr\/wp-json\/wp\/v2\/product_brand?post=17803"},{"taxonomy":"product_cat","embeddable":true,"href":"https:\/\/katheleys.com\/fr\/wp-json\/wp\/v2\/product_cat?post=17803"},{"taxonomy":"product_tag","embeddable":true,"href":"https:\/\/katheleys.com\/fr\/wp-json\/wp\/v2\/product_tag?post=17803"}],"curies":[{"name":"wp","href":"https:\/\/api.w.org\/{rel}","templated":true}]}}