{"id":15377,"date":"2020-07-14T10:15:37","date_gmt":"2020-07-14T10:15:37","guid":{"rendered":"https:\/\/katheleys.com\/?product=kalinger-boucles-doreilles-clips-vintage-turquoise-metal-bruni-80s"},"modified":"2020-07-17T15:12:48","modified_gmt":"2020-07-17T15:12:48","slug":"kalinger-boucles-doreilles-clips-vintage-turquoise-metal-bruni-80s","status":"publish","type":"product","link":"https:\/\/katheleys.com\/fr\/produit\/kalinger-boucles-doreilles-clips-vintage-turquoise-metal-bruni-80s\/","title":{"rendered":"Kalinger boucles d&rsquo;oreilles clips vintage turquoise m\u00e9tal bruni 80s"},"content":{"rendered":"","protected":false},"excerpt":{"rendered":"<p>Superbe boucles d&rsquo;oreilles clips vintage Kalinger Paris m\u00e9tal bruni, r\u00e9sine turquoise transparente orn\u00e9 d&rsquo;un swarovski bleu.<\/p>\n<p>Dimensions: 4 cm de diam\u00e8tre<\/p>\n<p>Signature: Kalinger<\/p>\n<p>Etat: Excellent \u00e9tat vintage<\/p>\n<p>Note: L&rsquo;ensemble de nos boucles d&rsquo;oreilles clips sont resserr\u00e9es et fournies avec des petits caoutchouc de protection.<\/p>\n","protected":false},"featured_media":15372,"template":"","meta":{"_seopress_robots_primary_cat":"","_seopress_titles_title":"","_seopress_titles_desc":"","_seopress_robots_index":"","content-type":""},"pwb-brand":[853],"product_brand":[],"product_cat":[894],"product_tag":[1577],"class_list":{"0":"post-15377","1":"product","2":"type-product","3":"status-publish","4":"has-post-thumbnail","6":"pwb-brand-kalinger","7":"product_cat-archives-vintage","8":"product_tag-vintage-jewels-fr","9":"pa_color-vert","10":"pa_look-timeless-elegance","12":"first","13":"outofstock","14":"purchasable","15":"product-type-simple","16":"layout-style-1","17":"col-md-4 col-sm-4 col-xs-6","18":"col-lg-3","19":"product-style-default"},"jetpack_sharing_enabled":true,"brands":[{"id":853,"name":"Kalinger","slug":"kalinger"}],"_links":{"self":[{"href":"https:\/\/katheleys.com\/fr\/wp-json\/wp\/v2\/product\/15377","targetHints":{"allow":["GET"]}}],"collection":[{"href":"https:\/\/katheleys.com\/fr\/wp-json\/wp\/v2\/product"}],"about":[{"href":"https:\/\/katheleys.com\/fr\/wp-json\/wp\/v2\/types\/product"}],"wp:featuredmedia":[{"embeddable":true,"href":"https:\/\/katheleys.com\/fr\/wp-json\/wp\/v2\/media\/15372"}],"wp:attachment":[{"href":"https:\/\/katheleys.com\/fr\/wp-json\/wp\/v2\/media?parent=15377"}],"wp:term":[{"taxonomy":"pwb-brand","embeddable":true,"href":"https:\/\/katheleys.com\/fr\/wp-json\/wp\/v2\/pwb-brand?post=15377"},{"taxonomy":"product_brand","embeddable":true,"href":"https:\/\/katheleys.com\/fr\/wp-json\/wp\/v2\/product_brand?post=15377"},{"taxonomy":"product_cat","embeddable":true,"href":"https:\/\/katheleys.com\/fr\/wp-json\/wp\/v2\/product_cat?post=15377"},{"taxonomy":"product_tag","embeddable":true,"href":"https:\/\/katheleys.com\/fr\/wp-json\/wp\/v2\/product_tag?post=15377"}],"curies":[{"name":"wp","href":"https:\/\/api.w.org\/{rel}","templated":true}]}}