{"id":15232,"date":"2020-06-04T14:11:40","date_gmt":"2020-06-04T14:11:40","guid":{"rendered":"https:\/\/katheleys.com\/?product=lanvin-rare-collector-collier-bouche-c-2010"},"modified":"2021-06-03T10:38:00","modified_gmt":"2021-06-03T08:38:00","slug":"lanvin-rare-collector-collier-bouche-c-2010","status":"publish","type":"product","link":"https:\/\/katheleys.com\/fr\/produit\/lanvin-rare-collector-collier-bouche-c-2010\/","title":{"rendered":"Lanvin Rare Collector Collier bouche c.2010"},"content":{"rendered":"","protected":false},"excerpt":{"rendered":"<p>Rare Lanvin collector surr\u00e9aliste bouche vintage ann\u00e9es c.2010, : Hyper rare, r\u00e9sine rouge et dents en crystal, m\u00e9tal noirci, large coton noir, ajustable.<\/p>\n<p>Dimensions: 29 cm x 4 cm ( partie m\u00e9tallique )<\/p>\n<p>Signature: Lanvin Paris made in France<\/p>\n<p>Etat: Excellent \u00e9tat vintage<\/p><\/p>\n","protected":false},"featured_media":15228,"template":"","meta":{"_seopress_robots_primary_cat":"","_seopress_titles_title":"","_seopress_titles_desc":"","_seopress_robots_index":"","content-type":""},"pwb-brand":[833],"product_brand":[],"product_cat":[894],"product_tag":[],"class_list":{"0":"post-15232","1":"product","2":"type-product","3":"status-publish","4":"has-post-thumbnail","6":"pwb-brand-lanvin","7":"product_cat-archives-vintage","8":"pa_color-noir","9":"pa_color-rouge","10":"pa_look-collector","11":"pa_look-surreal-fr","13":"first","14":"outofstock","15":"purchasable","16":"product-type-simple","17":"layout-style-1","18":"col-md-4 col-sm-4 col-xs-6","19":"col-lg-3","20":"product-has-gallery","21":"product-style-default"},"jetpack_sharing_enabled":true,"brands":[{"id":833,"name":"Lanvin","slug":"lanvin"}],"_links":{"self":[{"href":"https:\/\/katheleys.com\/fr\/wp-json\/wp\/v2\/product\/15232","targetHints":{"allow":["GET"]}}],"collection":[{"href":"https:\/\/katheleys.com\/fr\/wp-json\/wp\/v2\/product"}],"about":[{"href":"https:\/\/katheleys.com\/fr\/wp-json\/wp\/v2\/types\/product"}],"wp:featuredmedia":[{"embeddable":true,"href":"https:\/\/katheleys.com\/fr\/wp-json\/wp\/v2\/media\/15228"}],"wp:attachment":[{"href":"https:\/\/katheleys.com\/fr\/wp-json\/wp\/v2\/media?parent=15232"}],"wp:term":[{"taxonomy":"pwb-brand","embeddable":true,"href":"https:\/\/katheleys.com\/fr\/wp-json\/wp\/v2\/pwb-brand?post=15232"},{"taxonomy":"product_brand","embeddable":true,"href":"https:\/\/katheleys.com\/fr\/wp-json\/wp\/v2\/product_brand?post=15232"},{"taxonomy":"product_cat","embeddable":true,"href":"https:\/\/katheleys.com\/fr\/wp-json\/wp\/v2\/product_cat?post=15232"},{"taxonomy":"product_tag","embeddable":true,"href":"https:\/\/katheleys.com\/fr\/wp-json\/wp\/v2\/product_tag?post=15232"}],"curies":[{"name":"wp","href":"https:\/\/api.w.org\/{rel}","templated":true}]}}