{"id":15128,"date":"2020-06-02T15:45:13","date_gmt":"2020-06-02T15:45:13","guid":{"rendered":"https:\/\/katheleys.com\/?product=jean-cocteau-1997-rare-vintage-broche-aigle-collector"},"modified":"2020-07-17T15:13:00","modified_gmt":"2020-07-17T15:13:00","slug":"jean-cocteau-1997-rare-vintage-broche-aigle-collector","status":"publish","type":"product","link":"https:\/\/katheleys.com\/fr\/produit\/jean-cocteau-1997-rare-vintage-broche-aigle-collector\/","title":{"rendered":"JEAN COCTEAU 1997 rare vintage broche aigle collector"},"content":{"rendered":"","protected":false},"excerpt":{"rendered":"<p>JEAN COCTEAU 1997 rare vintage broche aigle collector: Aigle surr\u00e9aliste avec 2 t\u00eates, m\u00e9tal dor\u00e9 et \u00e9maille couleur \u00e9meraude<\/p>\n<p>Dimensions: 4,8 x 4 cm<\/p>\n<p>Signature: Comit\u00e9 Jean Cocteau Flammarion<\/p>\n<p>Etat:Excellent \u00e9tat<\/p>\n","protected":false},"featured_media":15123,"template":"","meta":{"_seopress_robots_primary_cat":"","_seopress_titles_title":"","_seopress_titles_desc":"","_seopress_robots_index":"","content-type":""},"pwb-brand":[821],"product_brand":[],"product_cat":[894],"product_tag":[],"class_list":{"0":"post-15128","1":"product","2":"type-product","3":"status-publish","4":"has-post-thumbnail","6":"pwb-brand-jean-cocteau","7":"product_cat-archives-vintage","8":"pa_color-or","9":"pa_color-vert","10":"pa_look-collector","12":"first","13":"outofstock","14":"purchasable","15":"product-type-simple","16":"layout-style-1","17":"col-md-4 col-sm-4 col-xs-6","18":"col-lg-3","19":"product-has-gallery","20":"product-style-default"},"jetpack_sharing_enabled":true,"brands":[{"id":821,"name":"Jean Cocteau","slug":"jean-cocteau"}],"_links":{"self":[{"href":"https:\/\/katheleys.com\/fr\/wp-json\/wp\/v2\/product\/15128","targetHints":{"allow":["GET"]}}],"collection":[{"href":"https:\/\/katheleys.com\/fr\/wp-json\/wp\/v2\/product"}],"about":[{"href":"https:\/\/katheleys.com\/fr\/wp-json\/wp\/v2\/types\/product"}],"wp:featuredmedia":[{"embeddable":true,"href":"https:\/\/katheleys.com\/fr\/wp-json\/wp\/v2\/media\/15123"}],"wp:attachment":[{"href":"https:\/\/katheleys.com\/fr\/wp-json\/wp\/v2\/media?parent=15128"}],"wp:term":[{"taxonomy":"pwb-brand","embeddable":true,"href":"https:\/\/katheleys.com\/fr\/wp-json\/wp\/v2\/pwb-brand?post=15128"},{"taxonomy":"product_brand","embeddable":true,"href":"https:\/\/katheleys.com\/fr\/wp-json\/wp\/v2\/product_brand?post=15128"},{"taxonomy":"product_cat","embeddable":true,"href":"https:\/\/katheleys.com\/fr\/wp-json\/wp\/v2\/product_cat?post=15128"},{"taxonomy":"product_tag","embeddable":true,"href":"https:\/\/katheleys.com\/fr\/wp-json\/wp\/v2\/product_tag?post=15128"}],"curies":[{"name":"wp","href":"https:\/\/api.w.org\/{rel}","templated":true}]}}