{"id":14436,"date":"2020-04-02T16:45:28","date_gmt":"2020-04-02T16:45:28","guid":{"rendered":"https:\/\/katheleys.com\/?product=christian-lacroix-vintage-manchette-etoile-c-1990"},"modified":"2020-07-17T15:12:48","modified_gmt":"2020-07-17T15:12:48","slug":"christian-lacroix-vintage-manchette-etoile-c-1990","status":"publish","type":"product","link":"https:\/\/katheleys.com\/fr\/produit\/christian-lacroix-vintage-manchette-etoile-c-1990\/","title":{"rendered":"Christian Lacroix Vintage Manchette Etoile c.1990"},"content":{"rendered":"","protected":false},"excerpt":{"rendered":"<p>Exceptionnelle Manchette Vintage Christian Lacroix couture des ann\u00e9es 90. M\u00e9tal dor\u00e9, \u00e9toiles laqu\u00e9es noires, perles grises anthracite.<\/p>\n<p>Dimensions: largeur 6.5 cm, ouverture: 3.5 cm<\/p>\n<p>Signature: C&amp;L Christian Lacroix Made in France<\/p>\n<p>Excellent vintage condition<\/p>\n<p>Type: Collector<\/p><\/p>\n","protected":false},"featured_media":14430,"template":"","meta":{"_seopress_robots_primary_cat":"","_seopress_titles_title":"","_seopress_titles_desc":"","_seopress_robots_index":"","content-type":""},"pwb-brand":[1165],"product_brand":[],"product_cat":[894],"product_tag":[1859,1398],"class_list":{"0":"post-14436","1":"product","2":"type-product","3":"status-publish","4":"has-post-thumbnail","6":"pwb-brand-christian-lacroix-fr","7":"product_cat-archives-vintage","8":"product_tag-lacroix-jewels-fr","9":"product_tag-lacroix-vintage-fr","10":"pa_color-noir","11":"pa_color-or","12":"pa_look-collector","14":"first","15":"outofstock","16":"purchasable","17":"product-type-simple","18":"layout-style-1","19":"col-md-4 col-sm-4 col-xs-6","20":"col-lg-3","21":"product-has-gallery","22":"product-style-default"},"jetpack_sharing_enabled":true,"brands":[{"id":1165,"name":"Christian Lacroix","slug":"christian-lacroix-fr"}],"_links":{"self":[{"href":"https:\/\/katheleys.com\/fr\/wp-json\/wp\/v2\/product\/14436","targetHints":{"allow":["GET"]}}],"collection":[{"href":"https:\/\/katheleys.com\/fr\/wp-json\/wp\/v2\/product"}],"about":[{"href":"https:\/\/katheleys.com\/fr\/wp-json\/wp\/v2\/types\/product"}],"wp:featuredmedia":[{"embeddable":true,"href":"https:\/\/katheleys.com\/fr\/wp-json\/wp\/v2\/media\/14430"}],"wp:attachment":[{"href":"https:\/\/katheleys.com\/fr\/wp-json\/wp\/v2\/media?parent=14436"}],"wp:term":[{"taxonomy":"pwb-brand","embeddable":true,"href":"https:\/\/katheleys.com\/fr\/wp-json\/wp\/v2\/pwb-brand?post=14436"},{"taxonomy":"product_brand","embeddable":true,"href":"https:\/\/katheleys.com\/fr\/wp-json\/wp\/v2\/product_brand?post=14436"},{"taxonomy":"product_cat","embeddable":true,"href":"https:\/\/katheleys.com\/fr\/wp-json\/wp\/v2\/product_cat?post=14436"},{"taxonomy":"product_tag","embeddable":true,"href":"https:\/\/katheleys.com\/fr\/wp-json\/wp\/v2\/product_tag?post=14436"}],"curies":[{"name":"wp","href":"https:\/\/api.w.org\/{rel}","templated":true}]}}