{"id":14199,"date":"2020-03-20T19:50:07","date_gmt":"2020-03-20T19:50:07","guid":{"rendered":"https:\/\/katheleys.com\/?product=chanel-tilda-swinton-bracelet-ecossais-collector-2013"},"modified":"2020-07-16T15:38:05","modified_gmt":"2020-07-16T15:38:05","slug":"chanel-tilda-swinton-bracelet-ecossais-collector-2013","status":"publish","type":"product","link":"https:\/\/katheleys.com\/fr\/produit\/chanel-tilda-swinton-bracelet-ecossais-collector-2013\/","title":{"rendered":"Chanel Tilda Swinton Bracelet Ecossais Collector 2013"},"content":{"rendered":"","protected":false},"excerpt":{"rendered":"<p>Comme Tilda Swinton&#8230; On adore ce mod\u00e8le \u00e9cossais !!! Chanel Collection 2013, m\u00e9tal dor\u00e9, crystal, cabochons de perles d&rsquo;imitation et tissu \u00e9cossais.<\/p>\n<p>Poin\u00e7on: 13 A Chanel Made in France<\/p>\n<p>Excellent vintage condition (pas de d\u00e9faut \u00e0 signaler, r\u00e9flections sur les perles)<\/p>\n<p>Type: Collector &amp; Timeless<\/p>\n","protected":false},"featured_media":14193,"template":"","meta":{"_seopress_robots_primary_cat":"","_seopress_titles_title":"","_seopress_titles_desc":"","_seopress_robots_index":"","content-type":""},"pwb-brand":[820],"product_brand":[],"product_cat":[894,1116],"product_tag":[],"class_list":{"0":"post-14199","1":"product","2":"type-product","3":"status-publish","4":"has-post-thumbnail","6":"pwb-brand-chanel","7":"product_cat-archives-vintage","8":"product_cat-uncategorized-fr","9":"pa_color-crystal-fr","10":"pa_color-perle","11":"pa_color-rouge","13":"first","14":"outofstock","15":"purchasable","16":"product-type-simple","17":"layout-style-1","18":"col-md-4 col-sm-4 col-xs-6","19":"col-lg-3","20":"product-has-gallery","21":"product-style-default"},"jetpack_sharing_enabled":true,"brands":[{"id":820,"name":"Chanel","slug":"chanel"}],"_links":{"self":[{"href":"https:\/\/katheleys.com\/fr\/wp-json\/wp\/v2\/product\/14199","targetHints":{"allow":["GET"]}}],"collection":[{"href":"https:\/\/katheleys.com\/fr\/wp-json\/wp\/v2\/product"}],"about":[{"href":"https:\/\/katheleys.com\/fr\/wp-json\/wp\/v2\/types\/product"}],"wp:featuredmedia":[{"embeddable":true,"href":"https:\/\/katheleys.com\/fr\/wp-json\/wp\/v2\/media\/14193"}],"wp:attachment":[{"href":"https:\/\/katheleys.com\/fr\/wp-json\/wp\/v2\/media?parent=14199"}],"wp:term":[{"taxonomy":"pwb-brand","embeddable":true,"href":"https:\/\/katheleys.com\/fr\/wp-json\/wp\/v2\/pwb-brand?post=14199"},{"taxonomy":"product_brand","embeddable":true,"href":"https:\/\/katheleys.com\/fr\/wp-json\/wp\/v2\/product_brand?post=14199"},{"taxonomy":"product_cat","embeddable":true,"href":"https:\/\/katheleys.com\/fr\/wp-json\/wp\/v2\/product_cat?post=14199"},{"taxonomy":"product_tag","embeddable":true,"href":"https:\/\/katheleys.com\/fr\/wp-json\/wp\/v2\/product_tag?post=14199"}],"curies":[{"name":"wp","href":"https:\/\/api.w.org\/{rel}","templated":true}]}}